{"id":10079,"date":"2021-03-04T16:57:17","date_gmt":"2021-03-04T15:57:17","guid":{"rendered":"https:\/\/solidar.ch\/?page_id=10079"},"modified":"2025-02-25T13:40:47","modified_gmt":"2025-02-25T12:40:47","slug":"nothilfe","status":"publish","type":"page","link":"https:\/\/solidar.ch\/de\/projekte\/mocambique\/nothilfe\/","title":{"rendered":"Mosambik: Humanit\u00e4re Unterst\u00fctzung"},"content":{"rendered":"","protected":false},"excerpt":{"rendered":"","protected":false},"author":22,"featured_media":0,"parent":9585,"menu_order":0,"comment_status":"closed","ping_status":"closed","template":"","meta":{"_acf_changed":false,"_seopress_robots_primary_cat":"","_seopress_titles_title":"Nothilfe und Katastrophenpr\u00e4vention in Mosambik | Solidar Suisse\u202f","_seopress_titles_desc":"Wegen der Klimaerhitzung wird Mosambik immer h\u00e4ufiger von Katastrophen heimgesucht. Solidar Suisse unterst\u00fctzt die Menschen mit Nothilfe und Katastrophenpr\u00e4vention.","_seopress_robots_index":"","footnotes":""},"wf_page_folders":[],"class_list":["post-10079","page","type-page","status-publish","hentry"],"acf":[],"_links":{"self":[{"href":"https:\/\/solidar.ch\/de\/wp-json\/wp\/v2\/pages\/10079","targetHints":{"allow":["GET"]}}],"collection":[{"href":"https:\/\/solidar.ch\/de\/wp-json\/wp\/v2\/pages"}],"about":[{"href":"https:\/\/solidar.ch\/de\/wp-json\/wp\/v2\/types\/page"}],"author":[{"embeddable":true,"href":"https:\/\/solidar.ch\/de\/wp-json\/wp\/v2\/users\/22"}],"replies":[{"embeddable":true,"href":"https:\/\/solidar.ch\/de\/wp-json\/wp\/v2\/comments?post=10079"}],"version-history":[{"count":0,"href":"https:\/\/solidar.ch\/de\/wp-json\/wp\/v2\/pages\/10079\/revisions"}],"up":[{"embeddable":true,"href":"https:\/\/solidar.ch\/de\/wp-json\/wp\/v2\/pages\/9585"}],"wp:attachment":[{"href":"https:\/\/solidar.ch\/de\/wp-json\/wp\/v2\/media?parent=10079"}],"wp:term":[{"taxonomy":"wf_page_folders","embeddable":true,"href":"https:\/\/solidar.ch\/de\/wp-json\/wp\/v2\/wf_page_folders?post=10079"}],"curies":[{"name":"wp","href":"https:\/\/api.w.org\/{rel}","templated":true}]}}