{"id":10110,"date":"2021-03-04T22:47:49","date_gmt":"2021-03-04T21:47:49","guid":{"rendered":"https:\/\/solidar.ch\/?page_id=10110"},"modified":"2025-07-16T11:49:41","modified_gmt":"2025-07-16T09:49:41","slug":"themen","status":"publish","type":"page","link":"https:\/\/solidar.ch\/de\/themen\/","title":{"rendered":"Verteilerseite Themen"},"content":{"rendered":"","protected":false},"excerpt":{"rendered":"","protected":false},"author":22,"featured_media":0,"parent":0,"menu_order":0,"comment_status":"closed","ping_status":"closed","template":"","meta":{"_acf_changed":false,"_seopress_robots_primary_cat":"","_seopress_titles_title":"Themen: Wof\u00fcr wir uns einsetzen | Solidar Suisse","_seopress_titles_desc":"Solidar Suisse k\u00e4mpft f\u00fcr eine gerechte Welt ohne Diskriminierung, Ausbeutung und Gewalt. Wir setzen uns f\u00fcr faire Arbeit, Demokratie und die weltweite Einhaltung der Menschenrechte ein.","_seopress_robots_index":"","footnotes":""},"wf_page_folders":[49],"class_list":["post-10110","page","type-page","status-publish","hentry"],"acf":[],"_links":{"self":[{"href":"https:\/\/solidar.ch\/de\/wp-json\/wp\/v2\/pages\/10110","targetHints":{"allow":["GET"]}}],"collection":[{"href":"https:\/\/solidar.ch\/de\/wp-json\/wp\/v2\/pages"}],"about":[{"href":"https:\/\/solidar.ch\/de\/wp-json\/wp\/v2\/types\/page"}],"author":[{"embeddable":true,"href":"https:\/\/solidar.ch\/de\/wp-json\/wp\/v2\/users\/22"}],"replies":[{"embeddable":true,"href":"https:\/\/solidar.ch\/de\/wp-json\/wp\/v2\/comments?post=10110"}],"version-history":[{"count":0,"href":"https:\/\/solidar.ch\/de\/wp-json\/wp\/v2\/pages\/10110\/revisions"}],"wp:attachment":[{"href":"https:\/\/solidar.ch\/de\/wp-json\/wp\/v2\/media?parent=10110"}],"wp:term":[{"taxonomy":"wf_page_folders","embeddable":true,"href":"https:\/\/solidar.ch\/de\/wp-json\/wp\/v2\/wf_page_folders?post=10110"}],"curies":[{"name":"wp","href":"https:\/\/api.w.org\/{rel}","templated":true}]}}