{"id":10163,"date":"2021-03-05T11:42:34","date_gmt":"2021-03-05T10:42:34","guid":{"rendered":"https:\/\/solidar.ch\/?page_id=10163"},"modified":"2025-02-25T13:38:08","modified_gmt":"2025-02-25T12:38:08","slug":"gemeindeentwicklung","status":"publish","type":"page","link":"https:\/\/solidar.ch\/de\/themen\/demokratie\/gemeindeentwicklung\/","title":{"rendered":"Mosambik: Demokratie"},"content":{"rendered":"","protected":false},"excerpt":{"rendered":"","protected":false},"author":22,"featured_media":0,"parent":10379,"menu_order":0,"comment_status":"closed","ping_status":"closed","template":"","meta":{"_acf_changed":false,"_seopress_robots_primary_cat":"","_seopress_titles_title":"Mitsprache in Mosambik| Solidar Suisse\u202f","_seopress_titles_desc":"Mehr als die H\u00e4lfte der Menschen in Mosambik lebt in extremer Armut. Solidar Suisse setzt sich daf\u00fcr ein, dass ihre Bed\u00fcrfnisse ber\u00fccksichtigt werden und sie gute \u00f6ffentliche Dienstleistungen haben.","_seopress_robots_index":"","footnotes":""},"wf_page_folders":[49],"class_list":["post-10163","page","type-page","status-publish","hentry"],"acf":[],"_links":{"self":[{"href":"https:\/\/solidar.ch\/de\/wp-json\/wp\/v2\/pages\/10163","targetHints":{"allow":["GET"]}}],"collection":[{"href":"https:\/\/solidar.ch\/de\/wp-json\/wp\/v2\/pages"}],"about":[{"href":"https:\/\/solidar.ch\/de\/wp-json\/wp\/v2\/types\/page"}],"author":[{"embeddable":true,"href":"https:\/\/solidar.ch\/de\/wp-json\/wp\/v2\/users\/22"}],"replies":[{"embeddable":true,"href":"https:\/\/solidar.ch\/de\/wp-json\/wp\/v2\/comments?post=10163"}],"version-history":[{"count":0,"href":"https:\/\/solidar.ch\/de\/wp-json\/wp\/v2\/pages\/10163\/revisions"}],"up":[{"embeddable":true,"href":"https:\/\/solidar.ch\/de\/wp-json\/wp\/v2\/pages\/10379"}],"wp:attachment":[{"href":"https:\/\/solidar.ch\/de\/wp-json\/wp\/v2\/media?parent=10163"}],"wp:term":[{"taxonomy":"wf_page_folders","embeddable":true,"href":"https:\/\/solidar.ch\/de\/wp-json\/wp\/v2\/wf_page_folders?post=10163"}],"curies":[{"name":"wp","href":"https:\/\/api.w.org\/{rel}","templated":true}]}}