{"id":10379,"date":"2021-03-11T14:34:45","date_gmt":"2021-03-11T13:34:45","guid":{"rendered":"https:\/\/solidar.ch\/?page_id=10379"},"modified":"2025-02-26T10:37:18","modified_gmt":"2025-02-26T09:37:18","slug":"demokratie","status":"publish","type":"page","link":"https:\/\/solidar.ch\/de\/themen\/demokratie\/","title":{"rendered":"Demokratie"},"content":{"rendered":"","protected":false},"excerpt":{"rendered":"","protected":false},"author":22,"featured_media":0,"parent":10110,"menu_order":0,"comment_status":"closed","ping_status":"closed","template":"","meta":{"_acf_changed":false,"_seopress_robots_primary_cat":"","_seopress_titles_title":"Mit Demokratie zu sozialer Gerechtigkeit - Solidar Suisse","_seopress_titles_desc":"Demokratie und Mitsprache schaffen soziale Gerechtigkeit. Solidar Suisse k\u00e4mpft weltweit daf\u00fcr, dass die Menschen ihre Rechte einfordern k\u00f6nnen.","_seopress_robots_index":"","footnotes":""},"wf_page_folders":[49],"class_list":["post-10379","page","type-page","status-publish","hentry"],"acf":[],"_links":{"self":[{"href":"https:\/\/solidar.ch\/de\/wp-json\/wp\/v2\/pages\/10379","targetHints":{"allow":["GET"]}}],"collection":[{"href":"https:\/\/solidar.ch\/de\/wp-json\/wp\/v2\/pages"}],"about":[{"href":"https:\/\/solidar.ch\/de\/wp-json\/wp\/v2\/types\/page"}],"author":[{"embeddable":true,"href":"https:\/\/solidar.ch\/de\/wp-json\/wp\/v2\/users\/22"}],"replies":[{"embeddable":true,"href":"https:\/\/solidar.ch\/de\/wp-json\/wp\/v2\/comments?post=10379"}],"version-history":[{"count":0,"href":"https:\/\/solidar.ch\/de\/wp-json\/wp\/v2\/pages\/10379\/revisions"}],"up":[{"embeddable":true,"href":"https:\/\/solidar.ch\/de\/wp-json\/wp\/v2\/pages\/10110"}],"wp:attachment":[{"href":"https:\/\/solidar.ch\/de\/wp-json\/wp\/v2\/media?parent=10379"}],"wp:term":[{"taxonomy":"wf_page_folders","embeddable":true,"href":"https:\/\/solidar.ch\/de\/wp-json\/wp\/v2\/wf_page_folders?post=10379"}],"curies":[{"name":"wp","href":"https:\/\/api.w.org\/{rel}","templated":true}]}}