{"id":10671,"date":"2021-03-15T14:12:20","date_gmt":"2021-03-15T13:12:20","guid":{"rendered":"https:\/\/solidar.ch\/?page_id=10671"},"modified":"2024-06-20T13:11:17","modified_gmt":"2024-06-20T12:11:17","slug":"kosovo","status":"publish","type":"page","link":"https:\/\/solidar.ch\/de\/themen\/berufsbildung\/kosovo\/","title":{"rendered":"Kosovo-Berufsbildung"},"content":{"rendered":"","protected":false},"excerpt":{"rendered":"","protected":false},"author":22,"featured_media":0,"parent":10484,"menu_order":0,"comment_status":"closed","ping_status":"closed","template":"","meta":{"_acf_changed":false,"_seopress_robots_primary_cat":"","_seopress_titles_title":"Berufschancen f\u00fcr Jugendliche im Kosovo \u2013 Solidar Suisse","_seopress_titles_desc":"Solidar Suisse unterst\u00fctzt Jugendliche im Kosovo bei der Berufswahl und erm\u00f6glicht eine zeitgem\u00e4sse Ausbildung und Praktika.","_seopress_robots_index":"","footnotes":""},"wf_page_folders":[49],"class_list":["post-10671","page","type-page","status-publish","hentry"],"acf":[],"_links":{"self":[{"href":"https:\/\/solidar.ch\/de\/wp-json\/wp\/v2\/pages\/10671","targetHints":{"allow":["GET"]}}],"collection":[{"href":"https:\/\/solidar.ch\/de\/wp-json\/wp\/v2\/pages"}],"about":[{"href":"https:\/\/solidar.ch\/de\/wp-json\/wp\/v2\/types\/page"}],"author":[{"embeddable":true,"href":"https:\/\/solidar.ch\/de\/wp-json\/wp\/v2\/users\/22"}],"replies":[{"embeddable":true,"href":"https:\/\/solidar.ch\/de\/wp-json\/wp\/v2\/comments?post=10671"}],"version-history":[{"count":0,"href":"https:\/\/solidar.ch\/de\/wp-json\/wp\/v2\/pages\/10671\/revisions"}],"up":[{"embeddable":true,"href":"https:\/\/solidar.ch\/de\/wp-json\/wp\/v2\/pages\/10484"}],"wp:attachment":[{"href":"https:\/\/solidar.ch\/de\/wp-json\/wp\/v2\/media?parent=10671"}],"wp:term":[{"taxonomy":"wf_page_folders","embeddable":true,"href":"https:\/\/solidar.ch\/de\/wp-json\/wp\/v2\/wf_page_folders?post=10671"}],"curies":[{"name":"wp","href":"https:\/\/api.w.org\/{rel}","templated":true}]}}