{"id":10748,"date":"2021-03-16T11:01:32","date_gmt":"2021-03-16T10:01:32","guid":{"rendered":"https:\/\/solidar.ch\/?page_id=10748"},"modified":"2025-07-14T10:41:17","modified_gmt":"2025-07-14T08:41:17","slug":"ernaehrungssicherheit-burkina-faso","status":"publish","type":"page","link":"https:\/\/solidar.ch\/de\/themen\/klimagerechtigkeit\/ernaehrungssicherheit-burkina-faso\/","title":{"rendered":"Ern\u00e4hrungssicherheit Burkina Faso"},"content":{"rendered":"","protected":false},"excerpt":{"rendered":"","protected":false},"author":22,"featured_media":0,"parent":10398,"menu_order":0,"comment_status":"closed","ping_status":"closed","template":"","meta":{"_acf_changed":false,"_seopress_robots_primary_cat":"","_seopress_titles_title":"Ern\u00e4hrungssicherheit in Burkina Faso \u2013 Solidar Suisse","_seopress_titles_desc":"Mit neuen Anbaumethoden st\u00e4rkt Solidar Suisse die Ern\u00e4hrungssicherheit der Bev\u00f6lkerung in Burkina Faso.","_seopress_robots_index":"","footnotes":""},"wf_page_folders":[49],"class_list":["post-10748","page","type-page","status-publish","hentry"],"acf":[],"_links":{"self":[{"href":"https:\/\/solidar.ch\/de\/wp-json\/wp\/v2\/pages\/10748","targetHints":{"allow":["GET"]}}],"collection":[{"href":"https:\/\/solidar.ch\/de\/wp-json\/wp\/v2\/pages"}],"about":[{"href":"https:\/\/solidar.ch\/de\/wp-json\/wp\/v2\/types\/page"}],"author":[{"embeddable":true,"href":"https:\/\/solidar.ch\/de\/wp-json\/wp\/v2\/users\/22"}],"replies":[{"embeddable":true,"href":"https:\/\/solidar.ch\/de\/wp-json\/wp\/v2\/comments?post=10748"}],"version-history":[{"count":0,"href":"https:\/\/solidar.ch\/de\/wp-json\/wp\/v2\/pages\/10748\/revisions"}],"up":[{"embeddable":true,"href":"https:\/\/solidar.ch\/de\/wp-json\/wp\/v2\/pages\/10398"}],"wp:attachment":[{"href":"https:\/\/solidar.ch\/de\/wp-json\/wp\/v2\/media?parent=10748"}],"wp:term":[{"taxonomy":"wf_page_folders","embeddable":true,"href":"https:\/\/solidar.ch\/de\/wp-json\/wp\/v2\/wf_page_folders?post=10748"}],"curies":[{"name":"wp","href":"https:\/\/api.w.org\/{rel}","templated":true}]}}