{"id":10986,"date":"2021-03-17T10:29:35","date_gmt":"2021-03-17T09:29:35","guid":{"rendered":"https:\/\/solidar.ch\/?page_id=10986"},"modified":"2025-11-10T10:17:54","modified_gmt":"2025-11-10T09:17:54","slug":"textilarbeiterinnen","status":"publish","type":"page","link":"https:\/\/solidar.ch\/de\/projekte\/kambodscha\/textilarbeiterinnen\/","title":{"rendered":"Kambodscha-Hilfe f\u00fcr Arbeiterinnen-C.CAWDU"},"content":{"rendered":"","protected":false},"excerpt":{"rendered":"","protected":false},"author":22,"featured_media":0,"parent":10969,"menu_order":0,"comment_status":"closed","ping_status":"closed","template":"","meta":{"_acf_changed":false,"_seopress_robots_primary_cat":"","_seopress_titles_title":"Mehr Lohn in den Kleiderfabriken Kambodschas - Solidar Suisse\u202f","_seopress_titles_desc":"Solidar Suisse unterst\u00fctzt Gewerkschaften und Menschenrechtsorganisationen in Kambodscha. Sie erm\u00f6glichen bessere L\u00f6hne und Arbeitsbedingungen in Textilfabriken.","_seopress_robots_index":"","footnotes":""},"wf_page_folders":[1102],"class_list":["post-10986","page","type-page","status-publish","hentry"],"acf":[],"_links":{"self":[{"href":"https:\/\/solidar.ch\/de\/wp-json\/wp\/v2\/pages\/10986","targetHints":{"allow":["GET"]}}],"collection":[{"href":"https:\/\/solidar.ch\/de\/wp-json\/wp\/v2\/pages"}],"about":[{"href":"https:\/\/solidar.ch\/de\/wp-json\/wp\/v2\/types\/page"}],"author":[{"embeddable":true,"href":"https:\/\/solidar.ch\/de\/wp-json\/wp\/v2\/users\/22"}],"replies":[{"embeddable":true,"href":"https:\/\/solidar.ch\/de\/wp-json\/wp\/v2\/comments?post=10986"}],"version-history":[{"count":0,"href":"https:\/\/solidar.ch\/de\/wp-json\/wp\/v2\/pages\/10986\/revisions"}],"up":[{"embeddable":true,"href":"https:\/\/solidar.ch\/de\/wp-json\/wp\/v2\/pages\/10969"}],"wp:attachment":[{"href":"https:\/\/solidar.ch\/de\/wp-json\/wp\/v2\/media?parent=10986"}],"wp:term":[{"taxonomy":"wf_page_folders","embeddable":true,"href":"https:\/\/solidar.ch\/de\/wp-json\/wp\/v2\/wf_page_folders?post=10986"}],"curies":[{"name":"wp","href":"https:\/\/api.w.org\/{rel}","templated":true}]}}