{"id":11340,"date":"2021-03-18T10:43:36","date_gmt":"2021-03-18T09:43:36","guid":{"rendered":"https:\/\/solidar.ch\/?page_id=11340"},"modified":"2026-01-05T16:44:46","modified_gmt":"2026-01-05T15:44:46","slug":"hilfe-fuer-migrantinnen","status":"publish","type":"page","link":"https:\/\/solidar.ch\/de\/projekte\/mekong\/hilfe-fuer-migrantinnen\/","title":{"rendered":"Mekong-Hilfe f\u00fcr Migrant*innen"},"content":{"rendered":"","protected":false},"excerpt":{"rendered":"","protected":false},"author":22,"featured_media":0,"parent":11291,"menu_order":0,"comment_status":"closed","ping_status":"closed","template":"","meta":{"_acf_changed":false,"_seopress_robots_primary_cat":"","_seopress_titles_title":"Rechte f\u00fcr Migrant*innen in S\u00fcdostasien | Solidar Suisse","_seopress_titles_desc":"Solidar Suisse unterst\u00fctzt das Mekong Migration Network in S\u00fcdostasien. Wir helfen Arbeitsmigrant*innen mit Rechtsberatung, Information und Lobbying.","_seopress_robots_index":"","footnotes":""},"wf_page_folders":[1102],"class_list":["post-11340","page","type-page","status-publish","hentry"],"acf":[],"_links":{"self":[{"href":"https:\/\/solidar.ch\/de\/wp-json\/wp\/v2\/pages\/11340","targetHints":{"allow":["GET"]}}],"collection":[{"href":"https:\/\/solidar.ch\/de\/wp-json\/wp\/v2\/pages"}],"about":[{"href":"https:\/\/solidar.ch\/de\/wp-json\/wp\/v2\/types\/page"}],"author":[{"embeddable":true,"href":"https:\/\/solidar.ch\/de\/wp-json\/wp\/v2\/users\/22"}],"replies":[{"embeddable":true,"href":"https:\/\/solidar.ch\/de\/wp-json\/wp\/v2\/comments?post=11340"}],"version-history":[{"count":0,"href":"https:\/\/solidar.ch\/de\/wp-json\/wp\/v2\/pages\/11340\/revisions"}],"up":[{"embeddable":true,"href":"https:\/\/solidar.ch\/de\/wp-json\/wp\/v2\/pages\/11291"}],"wp:attachment":[{"href":"https:\/\/solidar.ch\/de\/wp-json\/wp\/v2\/media?parent=11340"}],"wp:term":[{"taxonomy":"wf_page_folders","embeddable":true,"href":"https:\/\/solidar.ch\/de\/wp-json\/wp\/v2\/wf_page_folders?post=11340"}],"curies":[{"name":"wp","href":"https:\/\/api.w.org\/{rel}","templated":true}]}}