{"id":11759,"date":"2021-03-19T09:54:06","date_gmt":"2021-03-19T08:54:06","guid":{"rendered":"https:\/\/solidar.ch\/?page_id=11759"},"modified":"2025-10-07T15:21:00","modified_gmt":"2025-10-07T13:21:00","slug":"kobues","status":"publish","type":"page","link":"https:\/\/solidar.ch\/de\/ueber-uns\/teams\/kobues\/","title":{"rendered":"Koordinationsb\u00fcros"},"content":{"rendered":"","protected":false},"excerpt":{"rendered":"","protected":false},"author":22,"featured_media":0,"parent":9837,"menu_order":0,"comment_status":"closed","ping_status":"closed","template":"","meta":{"_acf_changed":false,"_seopress_robots_primary_cat":"","_seopress_titles_title":"Koordinationsb\u00fcros | Solidar Suisse","_seopress_titles_desc":"Solidar Suisse verf\u00fcgt \u00fcber 150 Mitarbeiter*innen in Afrika, Asien, Lateinamerika, S\u00fcdosteuropa, die in diverse Koordinationsb\u00fcros unterteilt sind.","_seopress_robots_index":"","footnotes":""},"wf_page_folders":[51],"class_list":["post-11759","page","type-page","status-publish","hentry"],"acf":[],"_links":{"self":[{"href":"https:\/\/solidar.ch\/de\/wp-json\/wp\/v2\/pages\/11759","targetHints":{"allow":["GET"]}}],"collection":[{"href":"https:\/\/solidar.ch\/de\/wp-json\/wp\/v2\/pages"}],"about":[{"href":"https:\/\/solidar.ch\/de\/wp-json\/wp\/v2\/types\/page"}],"author":[{"embeddable":true,"href":"https:\/\/solidar.ch\/de\/wp-json\/wp\/v2\/users\/22"}],"replies":[{"embeddable":true,"href":"https:\/\/solidar.ch\/de\/wp-json\/wp\/v2\/comments?post=11759"}],"version-history":[{"count":0,"href":"https:\/\/solidar.ch\/de\/wp-json\/wp\/v2\/pages\/11759\/revisions"}],"up":[{"embeddable":true,"href":"https:\/\/solidar.ch\/de\/wp-json\/wp\/v2\/pages\/9837"}],"wp:attachment":[{"href":"https:\/\/solidar.ch\/de\/wp-json\/wp\/v2\/media?parent=11759"}],"wp:term":[{"taxonomy":"wf_page_folders","embeddable":true,"href":"https:\/\/solidar.ch\/de\/wp-json\/wp\/v2\/wf_page_folders?post=11759"}],"curies":[{"name":"wp","href":"https:\/\/api.w.org\/{rel}","templated":true}]}}