{"id":13270,"date":"2021-03-31T13:34:41","date_gmt":"2021-03-31T12:34:41","guid":{"rendered":"https:\/\/solidar.ch\/?page_id=13270"},"modified":"2024-08-26T14:05:53","modified_gmt":"2024-08-26T13:05:53","slug":"bolivien","status":"publish","type":"page","link":"https:\/\/solidar.ch\/de\/projekte\/bolivien\/","title":{"rendered":"Bolivien"},"content":{"rendered":"","protected":false},"excerpt":{"rendered":"","protected":false},"author":13,"featured_media":0,"parent":9852,"menu_order":0,"comment_status":"closed","ping_status":"closed","template":"","meta":{"_acf_changed":false,"_seopress_robots_primary_cat":"","_seopress_titles_title":"F\u00fcr soziale Gerechtigkeit in Bolivien | Solidar Suisse","_seopress_titles_desc":"Solidar Suisse setzt sich in Bolivien seit 1986 f\u00fcr eine demokratische und soziale Entwicklung ein. Wir f\u00f6rdern die Mitsprache der Jugendlichen, k\u00e4mpfen f\u00fcr faire Arbeitsbedingungen und gegen Gewalt an Frauen.","_seopress_robots_index":"","footnotes":""},"wf_page_folders":[1102],"class_list":["post-13270","page","type-page","status-publish","hentry"],"acf":[],"_links":{"self":[{"href":"https:\/\/solidar.ch\/de\/wp-json\/wp\/v2\/pages\/13270","targetHints":{"allow":["GET"]}}],"collection":[{"href":"https:\/\/solidar.ch\/de\/wp-json\/wp\/v2\/pages"}],"about":[{"href":"https:\/\/solidar.ch\/de\/wp-json\/wp\/v2\/types\/page"}],"author":[{"embeddable":true,"href":"https:\/\/solidar.ch\/de\/wp-json\/wp\/v2\/users\/13"}],"replies":[{"embeddable":true,"href":"https:\/\/solidar.ch\/de\/wp-json\/wp\/v2\/comments?post=13270"}],"version-history":[{"count":0,"href":"https:\/\/solidar.ch\/de\/wp-json\/wp\/v2\/pages\/13270\/revisions"}],"up":[{"embeddable":true,"href":"https:\/\/solidar.ch\/de\/wp-json\/wp\/v2\/pages\/9852"}],"wp:attachment":[{"href":"https:\/\/solidar.ch\/de\/wp-json\/wp\/v2\/media?parent=13270"}],"wp:term":[{"taxonomy":"wf_page_folders","embeddable":true,"href":"https:\/\/solidar.ch\/de\/wp-json\/wp\/v2\/wf_page_folders?post=13270"}],"curies":[{"name":"wp","href":"https:\/\/api.w.org\/{rel}","templated":true}]}}