{"id":13293,"date":"2021-03-30T13:39:10","date_gmt":"2021-03-30T12:39:10","guid":{"rendered":"https:\/\/solidar.ch\/hh-rohingya-fr\/"},"modified":"2025-11-13T15:12:39","modified_gmt":"2025-11-13T14:12:39","slug":"rohingya","status":"publish","type":"page","link":"https:\/\/solidar.ch\/de\/themen\/humanitare-hilfe\/rohingya\/","title":{"rendered":"Humanit\u00e4re Hilfe Rohingya"},"content":{"rendered":"","protected":false},"excerpt":{"rendered":"","protected":false},"author":28,"featured_media":0,"parent":13355,"menu_order":0,"comment_status":"closed","ping_status":"closed","template":"","meta":{"_acf_changed":false,"_seopress_robots_primary_cat":"","_seopress_titles_title":"Rohingya: \u00dcberleben in \u00fcberf\u00fcllten Fl\u00fcchtlingslagern\u202f\u2013 Solidar Suisse\u202f","_seopress_titles_desc":"\u00dcber 900\u2019000\u202fRohingya sind vor der Milit\u00e4rgewalt gegen sie aus Myanmar geflohen. Solidar Suisse leistet \u00fcberlebenswichtige Hilfe und st\u00e4rkt dabei die Handlungsf\u00e4higkeit und W\u00fcrde der Betroffenen.\u202f","_seopress_robots_index":"","footnotes":""},"wf_page_folders":[49],"class_list":["post-13293","page","type-page","status-publish","hentry"],"acf":[],"_links":{"self":[{"href":"https:\/\/solidar.ch\/de\/wp-json\/wp\/v2\/pages\/13293","targetHints":{"allow":["GET"]}}],"collection":[{"href":"https:\/\/solidar.ch\/de\/wp-json\/wp\/v2\/pages"}],"about":[{"href":"https:\/\/solidar.ch\/de\/wp-json\/wp\/v2\/types\/page"}],"author":[{"embeddable":true,"href":"https:\/\/solidar.ch\/de\/wp-json\/wp\/v2\/users\/28"}],"replies":[{"embeddable":true,"href":"https:\/\/solidar.ch\/de\/wp-json\/wp\/v2\/comments?post=13293"}],"version-history":[{"count":0,"href":"https:\/\/solidar.ch\/de\/wp-json\/wp\/v2\/pages\/13293\/revisions"}],"up":[{"embeddable":true,"href":"https:\/\/solidar.ch\/de\/wp-json\/wp\/v2\/pages\/13355"}],"wp:attachment":[{"href":"https:\/\/solidar.ch\/de\/wp-json\/wp\/v2\/media?parent=13293"}],"wp:term":[{"taxonomy":"wf_page_folders","embeddable":true,"href":"https:\/\/solidar.ch\/de\/wp-json\/wp\/v2\/wf_page_folders?post=13293"}],"curies":[{"name":"wp","href":"https:\/\/api.w.org\/{rel}","templated":true}]}}