{"id":13300,"date":"2021-03-24T13:13:23","date_gmt":"2021-03-24T12:13:23","guid":{"rendered":"https:\/\/solidar.ch\/projekte\/bangladesh\/"},"modified":"2025-07-16T10:34:53","modified_gmt":"2025-07-16T08:34:53","slug":"bangladesch","status":"publish","type":"page","link":"https:\/\/solidar.ch\/de\/projekte\/bangladesch\/","title":{"rendered":"Bangladesch"},"content":{"rendered":"","protected":false},"excerpt":{"rendered":"","protected":false},"author":28,"featured_media":0,"parent":9852,"menu_order":0,"comment_status":"closed","ping_status":"closed","template":"","meta":{"_acf_changed":false,"_seopress_robots_primary_cat":"","_seopress_titles_title":"Bangladesch: St\u00e4rkung der Arbeitsrechte und Unterst\u00fctzung f\u00fcr Kinder | Solidar Suisse\u202f","_seopress_titles_desc":"Bangladesch ist mit zahlreichen sozialen und wirtschaftlichen Herausforderungen konfrontiert. Solidar Suisse setzt sich f\u00fcr menschenw\u00fcrdige Arbeitsbedingungen in der Lederindustrie ein und bek\u00e4mpft Kinderarbeit.","_seopress_robots_index":"","footnotes":""},"wf_page_folders":[1102],"class_list":["post-13300","page","type-page","status-publish","hentry"],"acf":[],"_links":{"self":[{"href":"https:\/\/solidar.ch\/de\/wp-json\/wp\/v2\/pages\/13300","targetHints":{"allow":["GET"]}}],"collection":[{"href":"https:\/\/solidar.ch\/de\/wp-json\/wp\/v2\/pages"}],"about":[{"href":"https:\/\/solidar.ch\/de\/wp-json\/wp\/v2\/types\/page"}],"author":[{"embeddable":true,"href":"https:\/\/solidar.ch\/de\/wp-json\/wp\/v2\/users\/28"}],"replies":[{"embeddable":true,"href":"https:\/\/solidar.ch\/de\/wp-json\/wp\/v2\/comments?post=13300"}],"version-history":[{"count":0,"href":"https:\/\/solidar.ch\/de\/wp-json\/wp\/v2\/pages\/13300\/revisions"}],"up":[{"embeddable":true,"href":"https:\/\/solidar.ch\/de\/wp-json\/wp\/v2\/pages\/9852"}],"wp:attachment":[{"href":"https:\/\/solidar.ch\/de\/wp-json\/wp\/v2\/media?parent=13300"}],"wp:term":[{"taxonomy":"wf_page_folders","embeddable":true,"href":"https:\/\/solidar.ch\/de\/wp-json\/wp\/v2\/wf_page_folders?post=13300"}],"curies":[{"name":"wp","href":"https:\/\/api.w.org\/{rel}","templated":true}]}}