{"id":13355,"date":"2021-03-30T14:07:10","date_gmt":"2021-03-30T13:07:10","guid":{"rendered":"https:\/\/solidar.ch\/themen\/aide-humanitaire\/"},"modified":"2025-02-25T13:45:59","modified_gmt":"2025-02-25T12:45:59","slug":"humanitare-hilfe","status":"publish","type":"page","link":"https:\/\/solidar.ch\/de\/themen\/humanitare-hilfe\/","title":{"rendered":"Humanit\u00e4re Zusammenarbeit"},"content":{"rendered":"","protected":false},"excerpt":{"rendered":"","protected":false},"author":28,"featured_media":0,"parent":10110,"menu_order":0,"comment_status":"closed","ping_status":"closed","template":"","meta":{"_acf_changed":false,"_seopress_robots_primary_cat":"","_seopress_titles_title":"Humanit\u00e4re Zusammenarbeit: Leben retten\u202f| Solidar Suisse","_seopress_titles_desc":"Solidar Suisse engagiert sich daf\u00fcr, nach schweren Katastrophen wie Kriegen oder Naturereignissen Leben zu retten. Unsere Eins\u00e4tze decken je nach den Bed\u00fcrfnissen vor Ort mehrere Bereiche der humanit\u00e4ren Hilfe ab.","_seopress_robots_index":"","footnotes":""},"wf_page_folders":[49],"class_list":["post-13355","page","type-page","status-publish","hentry"],"acf":[],"_links":{"self":[{"href":"https:\/\/solidar.ch\/de\/wp-json\/wp\/v2\/pages\/13355","targetHints":{"allow":["GET"]}}],"collection":[{"href":"https:\/\/solidar.ch\/de\/wp-json\/wp\/v2\/pages"}],"about":[{"href":"https:\/\/solidar.ch\/de\/wp-json\/wp\/v2\/types\/page"}],"author":[{"embeddable":true,"href":"https:\/\/solidar.ch\/de\/wp-json\/wp\/v2\/users\/28"}],"replies":[{"embeddable":true,"href":"https:\/\/solidar.ch\/de\/wp-json\/wp\/v2\/comments?post=13355"}],"version-history":[{"count":0,"href":"https:\/\/solidar.ch\/de\/wp-json\/wp\/v2\/pages\/13355\/revisions"}],"up":[{"embeddable":true,"href":"https:\/\/solidar.ch\/de\/wp-json\/wp\/v2\/pages\/10110"}],"wp:attachment":[{"href":"https:\/\/solidar.ch\/de\/wp-json\/wp\/v2\/media?parent=13355"}],"wp:term":[{"taxonomy":"wf_page_folders","embeddable":true,"href":"https:\/\/solidar.ch\/de\/wp-json\/wp\/v2\/wf_page_folders?post=13355"}],"curies":[{"name":"wp","href":"https:\/\/api.w.org\/{rel}","templated":true}]}}