{"id":13467,"date":"2021-04-05T22:37:33","date_gmt":"2021-04-05T21:37:33","guid":{"rendered":"https:\/\/solidar.ch\/?page_id=13467"},"modified":"2026-01-07T17:17:53","modified_gmt":"2026-01-07T16:17:53","slug":"jugend","status":"publish","type":"page","link":"https:\/\/solidar.ch\/de\/projekte\/zentralamerika\/jugend\/","title":{"rendered":"Zentralamerika &#8211; Jugend"},"content":{"rendered":"","protected":false},"excerpt":{"rendered":"","protected":false},"author":22,"featured_media":0,"parent":10189,"menu_order":0,"comment_status":"closed","ping_status":"closed","template":"","meta":{"_acf_changed":false,"_seopress_robots_primary_cat":"","_seopress_titles_title":"Zukunft gestalten: Jugendliche in Zentralamerika | Solidar Suisse\u202f","_seopress_titles_desc":"Solidar Suisse bietet jungen Erwachsenen in Zentralamerika eine Alternative: Berufsbildung, Unterst\u00fctzung in der Selbst\u00e4ndigkeit und ein Engagement f\u00fcr ein Leben ohne Gewalt.","_seopress_robots_index":"","footnotes":""},"wf_page_folders":[513],"class_list":["post-13467","page","type-page","status-publish","hentry"],"acf":[],"_links":{"self":[{"href":"https:\/\/solidar.ch\/de\/wp-json\/wp\/v2\/pages\/13467","targetHints":{"allow":["GET"]}}],"collection":[{"href":"https:\/\/solidar.ch\/de\/wp-json\/wp\/v2\/pages"}],"about":[{"href":"https:\/\/solidar.ch\/de\/wp-json\/wp\/v2\/types\/page"}],"author":[{"embeddable":true,"href":"https:\/\/solidar.ch\/de\/wp-json\/wp\/v2\/users\/22"}],"replies":[{"embeddable":true,"href":"https:\/\/solidar.ch\/de\/wp-json\/wp\/v2\/comments?post=13467"}],"version-history":[{"count":0,"href":"https:\/\/solidar.ch\/de\/wp-json\/wp\/v2\/pages\/13467\/revisions"}],"up":[{"embeddable":true,"href":"https:\/\/solidar.ch\/de\/wp-json\/wp\/v2\/pages\/10189"}],"wp:attachment":[{"href":"https:\/\/solidar.ch\/de\/wp-json\/wp\/v2\/media?parent=13467"}],"wp:term":[{"taxonomy":"wf_page_folders","embeddable":true,"href":"https:\/\/solidar.ch\/de\/wp-json\/wp\/v2\/wf_page_folders?post=13467"}],"curies":[{"name":"wp","href":"https:\/\/api.w.org\/{rel}","templated":true}]}}