{"id":15358,"date":"2021-06-17T08:06:04","date_gmt":"2021-06-17T07:06:04","guid":{"rendered":"https:\/\/solidar.ch\/?page_id=15358"},"modified":"2022-09-30T07:37:30","modified_gmt":"2022-09-30T06:37:30","slug":"inserate","status":"publish","type":"page","link":"https:\/\/solidar.ch\/de\/inserate\/","title":{"rendered":"Inserate"},"content":{"rendered":"","protected":false},"excerpt":{"rendered":"","protected":false},"author":22,"featured_media":0,"parent":0,"menu_order":0,"comment_status":"closed","ping_status":"closed","template":"","meta":{"_acf_changed":false,"_seopress_robots_primary_cat":"","_seopress_titles_title":"F\u00fcllerinserate zum Download | Solidar Suisse","_seopress_titles_desc":"F\u00fcllerinserate von Solidar Suisse zum Download. Solidar Suisse freut sich \u00fcber die Ver\u00f6ffentlichung ihrer Inserate in Online- sowie Print-Publikationen. ","_seopress_robots_index":"","footnotes":""},"wf_page_folders":[],"class_list":["post-15358","page","type-page","status-publish","hentry"],"acf":[],"_links":{"self":[{"href":"https:\/\/solidar.ch\/de\/wp-json\/wp\/v2\/pages\/15358","targetHints":{"allow":["GET"]}}],"collection":[{"href":"https:\/\/solidar.ch\/de\/wp-json\/wp\/v2\/pages"}],"about":[{"href":"https:\/\/solidar.ch\/de\/wp-json\/wp\/v2\/types\/page"}],"author":[{"embeddable":true,"href":"https:\/\/solidar.ch\/de\/wp-json\/wp\/v2\/users\/22"}],"replies":[{"embeddable":true,"href":"https:\/\/solidar.ch\/de\/wp-json\/wp\/v2\/comments?post=15358"}],"version-history":[{"count":0,"href":"https:\/\/solidar.ch\/de\/wp-json\/wp\/v2\/pages\/15358\/revisions"}],"wp:attachment":[{"href":"https:\/\/solidar.ch\/de\/wp-json\/wp\/v2\/media?parent=15358"}],"wp:term":[{"taxonomy":"wf_page_folders","embeddable":true,"href":"https:\/\/solidar.ch\/de\/wp-json\/wp\/v2\/wf_page_folders?post=15358"}],"curies":[{"name":"wp","href":"https:\/\/api.w.org\/{rel}","templated":true}]}}