{"id":15606,"date":"2021-06-15T10:40:36","date_gmt":"2021-06-15T09:40:36","guid":{"rendered":"https:\/\/solidar.ch\/don-urgence-climatique-burkina-faso\/"},"modified":"2023-03-30T13:53:34","modified_gmt":"2023-03-30T12:53:34","slug":"klima-notfallspende-burkina","status":"publish","type":"page","link":"https:\/\/solidar.ch\/de\/klima-notfallspende-burkina\/","title":{"rendered":"Klima-Notfallhilfe f\u00fcr Burkina Faso"},"content":{"rendered":"","protected":false},"excerpt":{"rendered":"","protected":false},"author":28,"featured_media":0,"parent":0,"menu_order":0,"comment_status":"closed","ping_status":"closed","template":"","meta":{"_acf_changed":false,"_seopress_robots_primary_cat":"","_seopress_titles_title":"","_seopress_titles_desc":"Die globale Erw\u00e4rmung beschleunigt die sozialen Ungleichheiten in vielen L\u00e4ndern des S\u00fcdens. Dies ist insbesondere in Burkina Faso der Fall.","_seopress_robots_index":"","footnotes":""},"wf_page_folders":[],"class_list":["post-15606","page","type-page","status-publish","hentry"],"acf":[],"_links":{"self":[{"href":"https:\/\/solidar.ch\/de\/wp-json\/wp\/v2\/pages\/15606","targetHints":{"allow":["GET"]}}],"collection":[{"href":"https:\/\/solidar.ch\/de\/wp-json\/wp\/v2\/pages"}],"about":[{"href":"https:\/\/solidar.ch\/de\/wp-json\/wp\/v2\/types\/page"}],"author":[{"embeddable":true,"href":"https:\/\/solidar.ch\/de\/wp-json\/wp\/v2\/users\/28"}],"replies":[{"embeddable":true,"href":"https:\/\/solidar.ch\/de\/wp-json\/wp\/v2\/comments?post=15606"}],"version-history":[{"count":0,"href":"https:\/\/solidar.ch\/de\/wp-json\/wp\/v2\/pages\/15606\/revisions"}],"wp:attachment":[{"href":"https:\/\/solidar.ch\/de\/wp-json\/wp\/v2\/media?parent=15606"}],"wp:term":[{"taxonomy":"wf_page_folders","embeddable":true,"href":"https:\/\/solidar.ch\/de\/wp-json\/wp\/v2\/wf_page_folders?post=15606"}],"curies":[{"name":"wp","href":"https:\/\/api.w.org\/{rel}","templated":true}]}}