{"id":15664,"date":"2021-06-01T14:31:00","date_gmt":"2021-06-01T13:31:00","guid":{"rendered":"https:\/\/solidar.ch\/ueber-uns\/teams\/solidar-suisse-geneve\/"},"modified":"2025-02-25T13:45:29","modified_gmt":"2025-02-25T12:45:29","slug":"solidar-suisse-geneve","status":"publish","type":"page","link":"https:\/\/solidar.ch\/de\/ueber-uns\/teams\/solidar-suisse-geneve\/","title":{"rendered":"Solidar Suisse Gen\u00e8ve"},"content":{"rendered":"","protected":false},"excerpt":{"rendered":"","protected":false},"author":28,"featured_media":0,"parent":9837,"menu_order":0,"comment_status":"closed","ping_status":"closed","template":"","meta":{"_acf_changed":false,"_seopress_robots_primary_cat":"","_seopress_titles_title":"Solidar Suisse Gen\u00e8ve | Solidar Suisse","_seopress_titles_desc":"Solidar Suisse Gen\u00e8ve wurde 2014 gegr\u00fcndet und unterst\u00fctzt Projekte f\u00fcr die \u00e4rmsten Menschen in Mosambik, Burkina Faso und El Salvador.","_seopress_robots_index":"","footnotes":""},"wf_page_folders":[],"class_list":["post-15664","page","type-page","status-publish","hentry"],"acf":[],"_links":{"self":[{"href":"https:\/\/solidar.ch\/de\/wp-json\/wp\/v2\/pages\/15664","targetHints":{"allow":["GET"]}}],"collection":[{"href":"https:\/\/solidar.ch\/de\/wp-json\/wp\/v2\/pages"}],"about":[{"href":"https:\/\/solidar.ch\/de\/wp-json\/wp\/v2\/types\/page"}],"author":[{"embeddable":true,"href":"https:\/\/solidar.ch\/de\/wp-json\/wp\/v2\/users\/28"}],"replies":[{"embeddable":true,"href":"https:\/\/solidar.ch\/de\/wp-json\/wp\/v2\/comments?post=15664"}],"version-history":[{"count":0,"href":"https:\/\/solidar.ch\/de\/wp-json\/wp\/v2\/pages\/15664\/revisions"}],"up":[{"embeddable":true,"href":"https:\/\/solidar.ch\/de\/wp-json\/wp\/v2\/pages\/9837"}],"wp:attachment":[{"href":"https:\/\/solidar.ch\/de\/wp-json\/wp\/v2\/media?parent=15664"}],"wp:term":[{"taxonomy":"wf_page_folders","embeddable":true,"href":"https:\/\/solidar.ch\/de\/wp-json\/wp\/v2\/wf_page_folders?post=15664"}],"curies":[{"name":"wp","href":"https:\/\/api.w.org\/{rel}","templated":true}]}}