{"id":16243,"date":"2021-09-16T13:51:52","date_gmt":"2021-09-16T12:51:52","guid":{"rendered":"https:\/\/solidar.ch\/?page_id=16243"},"modified":"2023-07-11T14:40:02","modified_gmt":"2023-07-11T13:40:02","slug":"thailand","status":"publish","type":"page","link":"https:\/\/solidar.ch\/de\/thailand\/","title":{"rendered":"Thailand"},"content":{"rendered":"","protected":false},"excerpt":{"rendered":"","protected":false},"author":12,"featured_media":0,"parent":0,"menu_order":0,"comment_status":"closed","ping_status":"closed","template":"","meta":{"_acf_changed":false,"_seopress_robots_primary_cat":"","_seopress_titles_title":"Thailand: Land der Ferientr\u00e4ume, Land der Ausbeutung | Solidar Suisse","_seopress_titles_desc":"W\u00e4hrend die einen ins Ferienland reisen, um sich von der Arbeit zu erholen, wandern Millionen Menschen aus Nachbarl\u00e4ndern wie Myanmar nach Thailand aus, um Arbeit und ein besseres Leben zu finden. Doch f\u00fcr viele dieser Arbeitsmigrant*innen endet die Reise in Ausbeutung und Not. ","_seopress_robots_index":"","footnotes":""},"wf_page_folders":[],"class_list":["post-16243","page","type-page","status-publish","hentry"],"acf":[],"_links":{"self":[{"href":"https:\/\/solidar.ch\/de\/wp-json\/wp\/v2\/pages\/16243","targetHints":{"allow":["GET"]}}],"collection":[{"href":"https:\/\/solidar.ch\/de\/wp-json\/wp\/v2\/pages"}],"about":[{"href":"https:\/\/solidar.ch\/de\/wp-json\/wp\/v2\/types\/page"}],"author":[{"embeddable":true,"href":"https:\/\/solidar.ch\/de\/wp-json\/wp\/v2\/users\/12"}],"replies":[{"embeddable":true,"href":"https:\/\/solidar.ch\/de\/wp-json\/wp\/v2\/comments?post=16243"}],"version-history":[{"count":0,"href":"https:\/\/solidar.ch\/de\/wp-json\/wp\/v2\/pages\/16243\/revisions"}],"wp:attachment":[{"href":"https:\/\/solidar.ch\/de\/wp-json\/wp\/v2\/media?parent=16243"}],"wp:term":[{"taxonomy":"wf_page_folders","embeddable":true,"href":"https:\/\/solidar.ch\/de\/wp-json\/wp\/v2\/wf_page_folders?post=16243"}],"curies":[{"name":"wp","href":"https:\/\/api.w.org\/{rel}","templated":true}]}}