{"id":25031,"date":"2022-08-24T09:35:58","date_gmt":"2022-08-24T08:35:58","guid":{"rendered":"https:\/\/solidar.ch\/?page_id=25031"},"modified":"2022-08-25T07:51:25","modified_gmt":"2022-08-25T06:51:25","slug":"fuenf-jahre-rohingya-krise","status":"publish","type":"page","link":"https:\/\/solidar.ch\/de\/fuenf-jahre-rohingya-krise\/","title":{"rendered":"F\u00fcnf Jahre Rohingya-Krise"},"content":{"rendered":"","protected":false},"excerpt":{"rendered":"","protected":false},"author":12,"featured_media":0,"parent":0,"menu_order":0,"comment_status":"closed","ping_status":"closed","template":"","meta":{"_acf_changed":false,"_seopress_robots_primary_cat":"","_seopress_titles_title":"","_seopress_titles_desc":"Vor f\u00fcnf Jahren flohen Hunderttausende Rohingya vor brutaler Milit\u00e4rgewalt nach Bangladesch. Wir wollen daran erinnern und fordern Gerechtigkeit f\u00fcr die Geflohenen. ","_seopress_robots_index":"","footnotes":""},"wf_page_folders":[],"class_list":["post-25031","page","type-page","status-publish","hentry"],"acf":[],"_links":{"self":[{"href":"https:\/\/solidar.ch\/de\/wp-json\/wp\/v2\/pages\/25031","targetHints":{"allow":["GET"]}}],"collection":[{"href":"https:\/\/solidar.ch\/de\/wp-json\/wp\/v2\/pages"}],"about":[{"href":"https:\/\/solidar.ch\/de\/wp-json\/wp\/v2\/types\/page"}],"author":[{"embeddable":true,"href":"https:\/\/solidar.ch\/de\/wp-json\/wp\/v2\/users\/12"}],"replies":[{"embeddable":true,"href":"https:\/\/solidar.ch\/de\/wp-json\/wp\/v2\/comments?post=25031"}],"version-history":[{"count":0,"href":"https:\/\/solidar.ch\/de\/wp-json\/wp\/v2\/pages\/25031\/revisions"}],"wp:attachment":[{"href":"https:\/\/solidar.ch\/de\/wp-json\/wp\/v2\/media?parent=25031"}],"wp:term":[{"taxonomy":"wf_page_folders","embeddable":true,"href":"https:\/\/solidar.ch\/de\/wp-json\/wp\/v2\/wf_page_folders?post=25031"}],"curies":[{"name":"wp","href":"https:\/\/api.w.org\/{rel}","templated":true}]}}