{"id":28772,"date":"2025-04-29T08:52:09","date_gmt":"2025-04-29T07:52:09","guid":{"rendered":"https:\/\/solidar.ch\/?page_id=28772"},"modified":"2025-04-29T08:52:09","modified_gmt":"2025-04-29T07:52:09","slug":"ukraine-2","status":"publish","type":"page","link":"https:\/\/solidar.ch\/de\/projekte\/ukraine-2\/","title":{"rendered":"Ukraine"},"content":{"rendered":"","protected":false},"excerpt":{"rendered":"","protected":false},"author":22,"featured_media":0,"parent":9852,"menu_order":0,"comment_status":"closed","ping_status":"closed","template":"","meta":{"_acf_changed":false,"_seopress_robots_primary_cat":"","_seopress_titles_title":"Psychosoziale Unterst\u00fctzung in der Ukraine | Solidar Suisse\u202f","_seopress_titles_desc":"Die russische Invasion in der Ukraine hinterl\u00e4sst Verw\u00fcstung, Gewalt und traumatisierte Menschen. Als traditionelle humanit\u00e4re Organisation widmet sich Solidar Suisse der Arbeit im vom Krieg gezeichneten Land.","_seopress_robots_index":"","footnotes":""},"wf_page_folders":[1102],"class_list":["post-28772","page","type-page","status-publish","hentry"],"acf":[],"_links":{"self":[{"href":"https:\/\/solidar.ch\/de\/wp-json\/wp\/v2\/pages\/28772","targetHints":{"allow":["GET"]}}],"collection":[{"href":"https:\/\/solidar.ch\/de\/wp-json\/wp\/v2\/pages"}],"about":[{"href":"https:\/\/solidar.ch\/de\/wp-json\/wp\/v2\/types\/page"}],"author":[{"embeddable":true,"href":"https:\/\/solidar.ch\/de\/wp-json\/wp\/v2\/users\/22"}],"replies":[{"embeddable":true,"href":"https:\/\/solidar.ch\/de\/wp-json\/wp\/v2\/comments?post=28772"}],"version-history":[{"count":0,"href":"https:\/\/solidar.ch\/de\/wp-json\/wp\/v2\/pages\/28772\/revisions"}],"up":[{"embeddable":true,"href":"https:\/\/solidar.ch\/de\/wp-json\/wp\/v2\/pages\/9852"}],"wp:attachment":[{"href":"https:\/\/solidar.ch\/de\/wp-json\/wp\/v2\/media?parent=28772"}],"wp:term":[{"taxonomy":"wf_page_folders","embeddable":true,"href":"https:\/\/solidar.ch\/de\/wp-json\/wp\/v2\/wf_page_folders?post=28772"}],"curies":[{"name":"wp","href":"https:\/\/api.w.org\/{rel}","templated":true}]}}