{"id":30119,"date":"2023-04-26T09:29:58","date_gmt":"2023-04-26T08:29:58","guid":{"rendered":"https:\/\/solidar.ch\/?page_id=30119"},"modified":"2023-04-27T09:32:01","modified_gmt":"2023-04-27T08:32:01","slug":"hoffnung-nach-den-beben","status":"publish","type":"page","link":"https:\/\/solidar.ch\/de\/hoffnung-nach-den-beben\/","title":{"rendered":"Hoffnung nach dem Beben"},"content":{"rendered":"","protected":false},"excerpt":{"rendered":"","protected":false},"author":22,"featured_media":0,"parent":0,"menu_order":0,"comment_status":"closed","ping_status":"closed","template":"","meta":{"_acf_changed":false,"_seopress_robots_primary_cat":"","_seopress_titles_title":"Hoffnung nach den Beben | Solidar Suisse","_seopress_titles_desc":"Die Menschen in der T\u00fcrkei und Syrien brauchen schnelle, unb\u00fcrokratische Hilfe. Solidar Suisse wird umgehend mit einer humanit\u00e4ren Intervention aktiv.  ","_seopress_robots_index":"","footnotes":""},"wf_page_folders":[],"class_list":["post-30119","page","type-page","status-publish","hentry"],"acf":[],"_links":{"self":[{"href":"https:\/\/solidar.ch\/de\/wp-json\/wp\/v2\/pages\/30119","targetHints":{"allow":["GET"]}}],"collection":[{"href":"https:\/\/solidar.ch\/de\/wp-json\/wp\/v2\/pages"}],"about":[{"href":"https:\/\/solidar.ch\/de\/wp-json\/wp\/v2\/types\/page"}],"author":[{"embeddable":true,"href":"https:\/\/solidar.ch\/de\/wp-json\/wp\/v2\/users\/22"}],"replies":[{"embeddable":true,"href":"https:\/\/solidar.ch\/de\/wp-json\/wp\/v2\/comments?post=30119"}],"version-history":[{"count":0,"href":"https:\/\/solidar.ch\/de\/wp-json\/wp\/v2\/pages\/30119\/revisions"}],"wp:attachment":[{"href":"https:\/\/solidar.ch\/de\/wp-json\/wp\/v2\/media?parent=30119"}],"wp:term":[{"taxonomy":"wf_page_folders","embeddable":true,"href":"https:\/\/solidar.ch\/de\/wp-json\/wp\/v2\/wf_page_folders?post=30119"}],"curies":[{"name":"wp","href":"https:\/\/api.w.org\/{rel}","templated":true}]}}