{"id":38919,"date":"2024-09-10T08:34:12","date_gmt":"2024-09-10T07:34:12","guid":{"rendered":"https:\/\/solidar.ch\/?page_id=38919"},"modified":"2024-09-23T15:27:10","modified_gmt":"2024-09-23T14:27:10","slug":"bolivien-amazonas-braende","status":"publish","type":"page","link":"https:\/\/solidar.ch\/de\/bolivien-amazonas-braende\/","title":{"rendered":"Br\u00e4nde in Boliviens Regenwald"},"content":{"rendered":"","protected":false},"excerpt":{"rendered":"","protected":false},"author":12,"featured_media":0,"parent":0,"menu_order":0,"comment_status":"closed","ping_status":"closed","template":"","meta":{"_acf_changed":false,"_seopress_robots_primary_cat":"","_seopress_titles_title":"Boliviens Regenwald brennt | Solidar Suisse","_seopress_titles_desc":"Im bolivianischen Amazonas-Regenwald w\u00fcten zerst\u00f6rerische Br\u00e4nde. Solidar Suisse ist vor Ort und leistet aktuell dringende Nothilfe in den betroffenen Gebieten.","_seopress_robots_index":"","footnotes":""},"wf_page_folders":[],"class_list":["post-38919","page","type-page","status-publish","hentry"],"acf":[],"_links":{"self":[{"href":"https:\/\/solidar.ch\/de\/wp-json\/wp\/v2\/pages\/38919","targetHints":{"allow":["GET"]}}],"collection":[{"href":"https:\/\/solidar.ch\/de\/wp-json\/wp\/v2\/pages"}],"about":[{"href":"https:\/\/solidar.ch\/de\/wp-json\/wp\/v2\/types\/page"}],"author":[{"embeddable":true,"href":"https:\/\/solidar.ch\/de\/wp-json\/wp\/v2\/users\/12"}],"replies":[{"embeddable":true,"href":"https:\/\/solidar.ch\/de\/wp-json\/wp\/v2\/comments?post=38919"}],"version-history":[{"count":0,"href":"https:\/\/solidar.ch\/de\/wp-json\/wp\/v2\/pages\/38919\/revisions"}],"wp:attachment":[{"href":"https:\/\/solidar.ch\/de\/wp-json\/wp\/v2\/media?parent=38919"}],"wp:term":[{"taxonomy":"wf_page_folders","embeddable":true,"href":"https:\/\/solidar.ch\/de\/wp-json\/wp\/v2\/wf_page_folders?post=38919"}],"curies":[{"name":"wp","href":"https:\/\/api.w.org\/{rel}","templated":true}]}}