{"id":41001,"date":"2025-01-29T10:38:58","date_gmt":"2025-01-29T09:38:58","guid":{"rendered":"https:\/\/solidar.ch\/?page_id=41001"},"modified":"2025-05-13T10:34:52","modified_gmt":"2025-05-13T09:34:52","slug":"palmoel-report-2025","status":"publish","type":"page","link":"https:\/\/solidar.ch\/de\/palmoel-report-2025\/","title":{"rendered":"Palm\u00f6l-Report 2025"},"content":{"rendered":"","protected":false},"excerpt":{"rendered":"","protected":false},"author":22,"featured_media":0,"parent":0,"menu_order":0,"comment_status":"closed","ping_status":"closed","template":"","meta":{"_acf_changed":false,"_seopress_robots_primary_cat":"","_seopress_titles_title":"Palm\u00f6l: Gefangen in Armut | Solidar Suisse","_seopress_titles_desc":"Eine neue Solidar-Recherche auf malaysischen Palm\u00f6lplantagen deckt Dumpingl\u00f6hne in der Lieferkette von Nestl\u00e9 und Barry Callebaut auf","_seopress_robots_index":"","footnotes":""},"wf_page_folders":[49],"class_list":["post-41001","page","type-page","status-publish","hentry"],"acf":[],"_links":{"self":[{"href":"https:\/\/solidar.ch\/de\/wp-json\/wp\/v2\/pages\/41001","targetHints":{"allow":["GET"]}}],"collection":[{"href":"https:\/\/solidar.ch\/de\/wp-json\/wp\/v2\/pages"}],"about":[{"href":"https:\/\/solidar.ch\/de\/wp-json\/wp\/v2\/types\/page"}],"author":[{"embeddable":true,"href":"https:\/\/solidar.ch\/de\/wp-json\/wp\/v2\/users\/22"}],"replies":[{"embeddable":true,"href":"https:\/\/solidar.ch\/de\/wp-json\/wp\/v2\/comments?post=41001"}],"version-history":[{"count":0,"href":"https:\/\/solidar.ch\/de\/wp-json\/wp\/v2\/pages\/41001\/revisions"}],"wp:attachment":[{"href":"https:\/\/solidar.ch\/de\/wp-json\/wp\/v2\/media?parent=41001"}],"wp:term":[{"taxonomy":"wf_page_folders","embeddable":true,"href":"https:\/\/solidar.ch\/de\/wp-json\/wp\/v2\/wf_page_folders?post=41001"}],"curies":[{"name":"wp","href":"https:\/\/api.w.org\/{rel}","templated":true}]}}