{"id":42029,"date":"2024-12-24T11:14:05","date_gmt":"2024-12-24T10:14:05","guid":{"rendered":"https:\/\/solidar.ch\/?page_id=42029"},"modified":"2025-01-30T21:12:42","modified_gmt":"2025-01-30T20:12:42","slug":"ukraine-dankeschoen","status":"publish","type":"page","link":"https:\/\/solidar.ch\/de\/ukraine-dankeschoen\/","title":{"rendered":"Ukraine Dankesseite"},"content":{"rendered":"","protected":false},"excerpt":{"rendered":"","protected":false},"author":12,"featured_media":0,"parent":0,"menu_order":0,"comment_status":"closed","ping_status":"closed","template":"","meta":{"_acf_changed":false,"_seopress_robots_primary_cat":"","_seopress_titles_title":"Ukraine: Vielen Dank f\u00fcr Ihre Unterst\u00fctzung | Solidar Suisse","_seopress_titles_desc":"Dank Ihnen haben wir \u00fcber 42'000 Franken Spenden f\u00fcr die Menschen in der Ukraine gesammelt und k\u00f6nnen viele mit notwendigen Dingen wie Kleidung und Heizungen f\u00fcr die kalten Wintermonate ausr\u00fcsten.","_seopress_robots_index":"","footnotes":""},"wf_page_folders":[],"class_list":["post-42029","page","type-page","status-publish","hentry"],"acf":[],"_links":{"self":[{"href":"https:\/\/solidar.ch\/de\/wp-json\/wp\/v2\/pages\/42029","targetHints":{"allow":["GET"]}}],"collection":[{"href":"https:\/\/solidar.ch\/de\/wp-json\/wp\/v2\/pages"}],"about":[{"href":"https:\/\/solidar.ch\/de\/wp-json\/wp\/v2\/types\/page"}],"author":[{"embeddable":true,"href":"https:\/\/solidar.ch\/de\/wp-json\/wp\/v2\/users\/12"}],"replies":[{"embeddable":true,"href":"https:\/\/solidar.ch\/de\/wp-json\/wp\/v2\/comments?post=42029"}],"version-history":[{"count":0,"href":"https:\/\/solidar.ch\/de\/wp-json\/wp\/v2\/pages\/42029\/revisions"}],"wp:attachment":[{"href":"https:\/\/solidar.ch\/de\/wp-json\/wp\/v2\/media?parent=42029"}],"wp:term":[{"taxonomy":"wf_page_folders","embeddable":true,"href":"https:\/\/solidar.ch\/de\/wp-json\/wp\/v2\/wf_page_folders?post=42029"}],"curies":[{"name":"wp","href":"https:\/\/api.w.org\/{rel}","templated":true}]}}