{"id":9300,"date":"2021-01-26T13:37:57","date_gmt":"2021-01-26T13:37:57","guid":{"rendered":"https:\/\/solidar.ch\/?page_id=9300"},"modified":"2026-04-13T08:28:55","modified_gmt":"2026-04-13T07:28:55","slug":"startseite","status":"publish","type":"page","link":"https:\/\/solidar.ch\/de\/","title":{"rendered":"Startseite"},"content":{"rendered":"","protected":false},"excerpt":{"rendered":"","protected":false},"author":5,"featured_media":0,"parent":0,"menu_order":0,"comment_status":"closed","ping_status":"closed","template":"","meta":{"_acf_changed":false,"_seopress_robots_primary_cat":"","_seopress_titles_title":"Solidar Suisse | Wir bek\u00e4mpfen Ungleichheit","_seopress_titles_desc":"Solidar Suisse k\u00e4mpft gegen extreme Ungleichheit und f\u00fcr soziale Gerechtigkeit, Demokratie und faire Arbeitsbedingungen.","_seopress_robots_index":"","footnotes":""},"wf_page_folders":[],"class_list":["post-9300","page","type-page","status-publish","hentry"],"acf":[],"_links":{"self":[{"href":"https:\/\/solidar.ch\/de\/wp-json\/wp\/v2\/pages\/9300","targetHints":{"allow":["GET"]}}],"collection":[{"href":"https:\/\/solidar.ch\/de\/wp-json\/wp\/v2\/pages"}],"about":[{"href":"https:\/\/solidar.ch\/de\/wp-json\/wp\/v2\/types\/page"}],"author":[{"embeddable":true,"href":"https:\/\/solidar.ch\/de\/wp-json\/wp\/v2\/users\/5"}],"replies":[{"embeddable":true,"href":"https:\/\/solidar.ch\/de\/wp-json\/wp\/v2\/comments?post=9300"}],"version-history":[{"count":0,"href":"https:\/\/solidar.ch\/de\/wp-json\/wp\/v2\/pages\/9300\/revisions"}],"wp:attachment":[{"href":"https:\/\/solidar.ch\/de\/wp-json\/wp\/v2\/media?parent=9300"}],"wp:term":[{"taxonomy":"wf_page_folders","embeddable":true,"href":"https:\/\/solidar.ch\/de\/wp-json\/wp\/v2\/wf_page_folders?post=9300"}],"curies":[{"name":"wp","href":"https:\/\/api.w.org\/{rel}","templated":true}]}}