{"id":9501,"date":"2021-02-03T15:38:07","date_gmt":"2021-02-03T15:38:07","guid":{"rendered":"https:\/\/solidar.ch\/?page_id=9501"},"modified":"2022-10-10T15:20:51","modified_gmt":"2022-10-10T14:20:51","slug":"spendenseite","status":"publish","type":"page","link":"https:\/\/solidar.ch\/de\/spendenseite\/","title":{"rendered":"Spendenseite"},"content":{"rendered":"","protected":false},"excerpt":{"rendered":"","protected":false},"author":5,"featured_media":0,"parent":0,"menu_order":0,"comment_status":"closed","ping_status":"closed","template":"","meta":{"_acf_changed":false,"_seopress_robots_primary_cat":"","_seopress_titles_title":"","_seopress_titles_desc":"F\u00fcr Kinder ist Bildung der Schl\u00fcssel f\u00fcr ihre Zukunft. Deshalb f\u00f6rdert Solidar Suisse in den Slums von Islamabad die Bildung von Kindern aus den \u00e4rmsten Familien.","_seopress_robots_index":"","footnotes":""},"wf_page_folders":[],"class_list":["post-9501","page","type-page","status-publish","hentry"],"acf":[],"_links":{"self":[{"href":"https:\/\/solidar.ch\/de\/wp-json\/wp\/v2\/pages\/9501","targetHints":{"allow":["GET"]}}],"collection":[{"href":"https:\/\/solidar.ch\/de\/wp-json\/wp\/v2\/pages"}],"about":[{"href":"https:\/\/solidar.ch\/de\/wp-json\/wp\/v2\/types\/page"}],"author":[{"embeddable":true,"href":"https:\/\/solidar.ch\/de\/wp-json\/wp\/v2\/users\/5"}],"replies":[{"embeddable":true,"href":"https:\/\/solidar.ch\/de\/wp-json\/wp\/v2\/comments?post=9501"}],"version-history":[{"count":0,"href":"https:\/\/solidar.ch\/de\/wp-json\/wp\/v2\/pages\/9501\/revisions"}],"wp:attachment":[{"href":"https:\/\/solidar.ch\/de\/wp-json\/wp\/v2\/media?parent=9501"}],"wp:term":[{"taxonomy":"wf_page_folders","embeddable":true,"href":"https:\/\/solidar.ch\/de\/wp-json\/wp\/v2\/wf_page_folders?post=9501"}],"curies":[{"name":"wp","href":"https:\/\/api.w.org\/{rel}","templated":true}]}}