{"id":9801,"date":"2021-03-02T15:18:56","date_gmt":"2021-03-02T14:18:56","guid":{"rendered":"https:\/\/solidar.ch\/?page_id=9801"},"modified":"2025-09-03T14:59:44","modified_gmt":"2025-09-03T12:59:44","slug":"erbschaften-legate-testamente","status":"publish","type":"page","link":"https:\/\/solidar.ch\/de\/mithelfen\/erbschaften-legate-testamente\/","title":{"rendered":"Erbschaften, Legate &amp; Testamente"},"content":{"rendered":"","protected":false},"excerpt":{"rendered":"","protected":false},"author":12,"featured_media":0,"parent":11149,"menu_order":0,"comment_status":"closed","ping_status":"closed","template":"","meta":{"_acf_changed":false,"_seopress_robots_primary_cat":"","_seopress_titles_title":"Erbschaften, Legate und Testamente | Solidar Suisse","_seopress_titles_desc":"Sie wollen Gutes \u00fcber das eigene Leben hinaus erm\u00f6glichen? Mit einer Erw\u00e4hnung von Solidar Suisse in Ihrem Testament oder einem Legat stellen Sie das sicher.","_seopress_robots_index":"","footnotes":""},"wf_page_folders":[52],"class_list":["post-9801","page","type-page","status-publish","hentry"],"acf":[],"_links":{"self":[{"href":"https:\/\/solidar.ch\/de\/wp-json\/wp\/v2\/pages\/9801","targetHints":{"allow":["GET"]}}],"collection":[{"href":"https:\/\/solidar.ch\/de\/wp-json\/wp\/v2\/pages"}],"about":[{"href":"https:\/\/solidar.ch\/de\/wp-json\/wp\/v2\/types\/page"}],"author":[{"embeddable":true,"href":"https:\/\/solidar.ch\/de\/wp-json\/wp\/v2\/users\/12"}],"replies":[{"embeddable":true,"href":"https:\/\/solidar.ch\/de\/wp-json\/wp\/v2\/comments?post=9801"}],"version-history":[{"count":0,"href":"https:\/\/solidar.ch\/de\/wp-json\/wp\/v2\/pages\/9801\/revisions"}],"up":[{"embeddable":true,"href":"https:\/\/solidar.ch\/de\/wp-json\/wp\/v2\/pages\/11149"}],"wp:attachment":[{"href":"https:\/\/solidar.ch\/de\/wp-json\/wp\/v2\/media?parent=9801"}],"wp:term":[{"taxonomy":"wf_page_folders","embeddable":true,"href":"https:\/\/solidar.ch\/de\/wp-json\/wp\/v2\/wf_page_folders?post=9801"}],"curies":[{"name":"wp","href":"https:\/\/api.w.org\/{rel}","templated":true}]}}