{"id":9826,"date":"2021-03-16T16:19:59","date_gmt":"2021-03-16T15:19:59","guid":{"rendered":"https:\/\/solidar.ch\/?page_id=9826"},"modified":"2022-10-10T13:39:25","modified_gmt":"2022-10-10T12:39:25","slug":"kinderarbeit-pakistan","status":"publish","type":"page","link":"https:\/\/solidar.ch\/de\/mithelfen\/kinderarbeit-pakistan\/","title":{"rendered":"Kinderarbeit Pakistan"},"content":{"rendered":"","protected":false},"excerpt":{"rendered":"","protected":false},"author":12,"featured_media":0,"parent":11149,"menu_order":0,"comment_status":"closed","ping_status":"closed","template":"","meta":{"_acf_changed":false,"_seopress_robots_primary_cat":"","_seopress_titles_title":"Kinderarbeit in Pakistan | Solidar Suisse                                   ","_seopress_titles_desc":"F\u00fcr Kinder ist Bildung der Schl\u00fcssel f\u00fcr ihre Zukunft. Deshalb f\u00f6rdert Solidar Suisse in den Slums von Islamabad die Bildung von Kindern aus den \u00e4rmsten Familien.","_seopress_robots_index":"","footnotes":""},"wf_page_folders":[52],"class_list":["post-9826","page","type-page","status-publish","hentry"],"acf":[],"_links":{"self":[{"href":"https:\/\/solidar.ch\/de\/wp-json\/wp\/v2\/pages\/9826","targetHints":{"allow":["GET"]}}],"collection":[{"href":"https:\/\/solidar.ch\/de\/wp-json\/wp\/v2\/pages"}],"about":[{"href":"https:\/\/solidar.ch\/de\/wp-json\/wp\/v2\/types\/page"}],"author":[{"embeddable":true,"href":"https:\/\/solidar.ch\/de\/wp-json\/wp\/v2\/users\/12"}],"replies":[{"embeddable":true,"href":"https:\/\/solidar.ch\/de\/wp-json\/wp\/v2\/comments?post=9826"}],"version-history":[{"count":0,"href":"https:\/\/solidar.ch\/de\/wp-json\/wp\/v2\/pages\/9826\/revisions"}],"up":[{"embeddable":true,"href":"https:\/\/solidar.ch\/de\/wp-json\/wp\/v2\/pages\/11149"}],"wp:attachment":[{"href":"https:\/\/solidar.ch\/de\/wp-json\/wp\/v2\/media?parent=9826"}],"wp:term":[{"taxonomy":"wf_page_folders","embeddable":true,"href":"https:\/\/solidar.ch\/de\/wp-json\/wp\/v2\/wf_page_folders?post=9826"}],"curies":[{"name":"wp","href":"https:\/\/api.w.org\/{rel}","templated":true}]}}