{"id":9837,"date":"2021-03-05T11:27:38","date_gmt":"2021-03-05T10:27:38","guid":{"rendered":"https:\/\/solidar.ch\/?page_id=9837"},"modified":"2026-03-31T15:02:45","modified_gmt":"2026-03-31T14:02:45","slug":"teams","status":"publish","type":"page","link":"https:\/\/solidar.ch\/de\/ueber-uns\/teams\/","title":{"rendered":"Teams"},"content":{"rendered":"","protected":false},"excerpt":{"rendered":"","protected":false},"author":22,"featured_media":0,"parent":10130,"menu_order":0,"comment_status":"closed","ping_status":"closed","template":"","meta":{"_acf_changed":false,"_seopress_robots_primary_cat":"","_seopress_titles_title":"Unsere Teams | Solidar Suisse","_seopress_titles_desc":"Solidar Suisse setzt sich mit \u00fcber 150 Mitarbeiter*innen in Afrika, Asien, Lateinamerika, S\u00fcdosteuropa und in der Schweiz f\u00fcr eine globale Entwicklung im Sinne der Nachhaltigkeitsziele der Uno ein.","_seopress_robots_index":"","footnotes":""},"wf_page_folders":[51],"class_list":["post-9837","page","type-page","status-publish","hentry"],"acf":[],"_links":{"self":[{"href":"https:\/\/solidar.ch\/de\/wp-json\/wp\/v2\/pages\/9837","targetHints":{"allow":["GET"]}}],"collection":[{"href":"https:\/\/solidar.ch\/de\/wp-json\/wp\/v2\/pages"}],"about":[{"href":"https:\/\/solidar.ch\/de\/wp-json\/wp\/v2\/types\/page"}],"author":[{"embeddable":true,"href":"https:\/\/solidar.ch\/de\/wp-json\/wp\/v2\/users\/22"}],"replies":[{"embeddable":true,"href":"https:\/\/solidar.ch\/de\/wp-json\/wp\/v2\/comments?post=9837"}],"version-history":[{"count":0,"href":"https:\/\/solidar.ch\/de\/wp-json\/wp\/v2\/pages\/9837\/revisions"}],"up":[{"embeddable":true,"href":"https:\/\/solidar.ch\/de\/wp-json\/wp\/v2\/pages\/10130"}],"wp:attachment":[{"href":"https:\/\/solidar.ch\/de\/wp-json\/wp\/v2\/media?parent=9837"}],"wp:term":[{"taxonomy":"wf_page_folders","embeddable":true,"href":"https:\/\/solidar.ch\/de\/wp-json\/wp\/v2\/wf_page_folders?post=9837"}],"curies":[{"name":"wp","href":"https:\/\/api.w.org\/{rel}","templated":true}]}}