{"id":9852,"date":"2021-03-03T11:19:32","date_gmt":"2021-03-03T10:19:32","guid":{"rendered":"https:\/\/solidar.ch\/?page_id=9852"},"modified":"2026-02-03T11:54:38","modified_gmt":"2026-02-03T10:54:38","slug":"projekte","status":"publish","type":"page","link":"https:\/\/solidar.ch\/de\/projekte\/","title":{"rendered":"Verteilerseite Projekte"},"content":{"rendered":"","protected":false},"excerpt":{"rendered":"","protected":false},"author":22,"featured_media":0,"parent":0,"menu_order":0,"comment_status":"closed","ping_status":"closed","template":"","meta":{"_acf_changed":false,"_seopress_robots_primary_cat":"","_seopress_titles_title":"Projekte: Engagement auf vier Kontinenten | Solidar Suisse","_seopress_titles_desc":"In \u00fcber 60 Projekten auf vier Kontinenten k\u00e4mpfen wir f\u00fcr globale Fairness und gegen extreme Ungleichheit.","_seopress_robots_index":"","footnotes":""},"wf_page_folders":[1102],"class_list":["post-9852","page","type-page","status-publish","hentry"],"acf":[],"_links":{"self":[{"href":"https:\/\/solidar.ch\/de\/wp-json\/wp\/v2\/pages\/9852","targetHints":{"allow":["GET"]}}],"collection":[{"href":"https:\/\/solidar.ch\/de\/wp-json\/wp\/v2\/pages"}],"about":[{"href":"https:\/\/solidar.ch\/de\/wp-json\/wp\/v2\/types\/page"}],"author":[{"embeddable":true,"href":"https:\/\/solidar.ch\/de\/wp-json\/wp\/v2\/users\/22"}],"replies":[{"embeddable":true,"href":"https:\/\/solidar.ch\/de\/wp-json\/wp\/v2\/comments?post=9852"}],"version-history":[{"count":0,"href":"https:\/\/solidar.ch\/de\/wp-json\/wp\/v2\/pages\/9852\/revisions"}],"wp:attachment":[{"href":"https:\/\/solidar.ch\/de\/wp-json\/wp\/v2\/media?parent=9852"}],"wp:term":[{"taxonomy":"wf_page_folders","embeddable":true,"href":"https:\/\/solidar.ch\/de\/wp-json\/wp\/v2\/wf_page_folders?post=9852"}],"curies":[{"name":"wp","href":"https:\/\/api.w.org\/{rel}","templated":true}]}}