{"id":42718,"date":"2025-01-31T14:39:41","date_gmt":"2025-01-31T13:39:41","guid":{"rendered":"https:\/\/solidar.ch\/?page_id=42718"},"modified":"2025-01-31T14:39:41","modified_gmt":"2025-01-31T13:39:41","slug":"tuerkiye-strenghten-resilience","status":"publish","type":"page","link":"https:\/\/solidar.ch\/en\/projects\/tuerkiye-syria\/tuerkiye-strenghten-resilience\/","title":{"rendered":"T\u00fcrkiye: Strengthening Resilience"},"content":{"rendered":"","protected":false},"excerpt":{"rendered":"","protected":false},"author":22,"featured_media":0,"parent":29945,"menu_order":0,"comment_status":"closed","ping_status":"closed","template":"","meta":{"_acf_changed":false,"_seopress_robots_primary_cat":"","_seopress_titles_title":"T\u00fcrkiye: Strengthening Resilience | Solidar Suisse","_seopress_titles_desc":"Ad\u0131yaman, in southeastern T\u00fcrkiye, was one of the regions most severely affected by the devastating earthquakes of 2023. Through a resilience-strengthening project, Solidar Suisse supports earthquake survivors.","_seopress_robots_index":"","footnotes":""},"wf_page_folders":[49],"class_list":["post-42718","page","type-page","status-publish","hentry"],"acf":[],"_links":{"self":[{"href":"https:\/\/solidar.ch\/en\/wp-json\/wp\/v2\/pages\/42718","targetHints":{"allow":["GET"]}}],"collection":[{"href":"https:\/\/solidar.ch\/en\/wp-json\/wp\/v2\/pages"}],"about":[{"href":"https:\/\/solidar.ch\/en\/wp-json\/wp\/v2\/types\/page"}],"author":[{"embeddable":true,"href":"https:\/\/solidar.ch\/en\/wp-json\/wp\/v2\/users\/22"}],"replies":[{"embeddable":true,"href":"https:\/\/solidar.ch\/en\/wp-json\/wp\/v2\/comments?post=42718"}],"version-history":[{"count":0,"href":"https:\/\/solidar.ch\/en\/wp-json\/wp\/v2\/pages\/42718\/revisions"}],"up":[{"embeddable":true,"href":"https:\/\/solidar.ch\/en\/wp-json\/wp\/v2\/pages\/29945"}],"wp:attachment":[{"href":"https:\/\/solidar.ch\/en\/wp-json\/wp\/v2\/media?parent=42718"}],"wp:term":[{"taxonomy":"wf_page_folders","embeddable":true,"href":"https:\/\/solidar.ch\/en\/wp-json\/wp\/v2\/wf_page_folders?post=42718"}],"curies":[{"name":"wp","href":"https:\/\/api.w.org\/{rel}","templated":true}]}}