{"id":10478,"date":"2022-07-11T13:37:57","date_gmt":"2022-07-11T12:37:57","guid":{"rendered":"https:\/\/solidar.ch\/?page_id=10478"},"modified":"2026-04-13T09:31:50","modified_gmt":"2026-04-13T08:31:50","slug":"startseite","status":"publish","type":"page","link":"https:\/\/solidar.ch\/fr\/","title":{"rendered":"Startseite"},"content":{"rendered":"","protected":false},"excerpt":{"rendered":"","protected":false},"author":5,"featured_media":0,"parent":0,"menu_order":0,"comment_status":"closed","ping_status":"closed","template":"","meta":{"_acf_changed":false,"_seopress_robots_primary_cat":"","_seopress_titles_title":"Nous combattons les in\u00e9galit\u00e9s | Solidar Suisse","_seopress_titles_desc":"Solidar Suisse lutte contre les in\u00e9galit\u00e9s extr\u00eames et s'engage pour la justice sociale, la d\u00e9mocratie et les conditions de travail d\u00e9centes.","_seopress_robots_index":"","footnotes":""},"wf_page_folders":[],"class_list":["post-10478","page","type-page","status-publish","hentry"],"acf":[],"_links":{"self":[{"href":"https:\/\/solidar.ch\/fr\/wp-json\/wp\/v2\/pages\/10478","targetHints":{"allow":["GET"]}}],"collection":[{"href":"https:\/\/solidar.ch\/fr\/wp-json\/wp\/v2\/pages"}],"about":[{"href":"https:\/\/solidar.ch\/fr\/wp-json\/wp\/v2\/types\/page"}],"author":[{"embeddable":true,"href":"https:\/\/solidar.ch\/fr\/wp-json\/wp\/v2\/users\/5"}],"replies":[{"embeddable":true,"href":"https:\/\/solidar.ch\/fr\/wp-json\/wp\/v2\/comments?post=10478"}],"version-history":[{"count":0,"href":"https:\/\/solidar.ch\/fr\/wp-json\/wp\/v2\/pages\/10478\/revisions"}],"wp:attachment":[{"href":"https:\/\/solidar.ch\/fr\/wp-json\/wp\/v2\/media?parent=10478"}],"wp:term":[{"taxonomy":"wf_page_folders","embeddable":true,"href":"https:\/\/solidar.ch\/fr\/wp-json\/wp\/v2\/wf_page_folders?post=10478"}],"curies":[{"name":"wp","href":"https:\/\/api.w.org\/{rel}","templated":true}]}}