{"id":10686,"date":"2021-03-04T16:57:17","date_gmt":"2021-03-04T15:57:17","guid":{"rendered":"https:\/\/solidar.ch\/mozambique\/nothilfe\/"},"modified":"2024-06-21T10:30:19","modified_gmt":"2024-06-21T09:30:19","slug":"aide-humanitaire-prevention-catastrophes","status":"publish","type":"page","link":"https:\/\/solidar.ch\/fr\/projets\/mozambique\/aide-humanitaire-prevention-catastrophes\/","title":{"rendered":"Mozambique-HH-DRR"},"content":{"rendered":"","protected":false},"excerpt":{"rendered":"","protected":false},"author":22,"featured_media":0,"parent":10678,"menu_order":0,"comment_status":"closed","ping_status":"closed","template":"","meta":{"_acf_changed":false,"_seopress_robots_primary_cat":"","_seopress_titles_title":"Aide d'urgence et pr\u00e9vention des catastrophes au Mozambique \u2013 Solidar Suisse\u202f","_seopress_titles_desc":"En raison du r\u00e9chauffement du climat, le Mozambique est frapp\u00e9 par des catastrophes de plus en plus fr\u00e9quentes. Solidar Suisse soutient la population avec une aide d'urgence et des mesures de pr\u00e9vention des catastrophes.","_seopress_robots_index":"","footnotes":""},"wf_page_folders":[],"class_list":["post-10686","page","type-page","status-publish","hentry"],"acf":[],"_links":{"self":[{"href":"https:\/\/solidar.ch\/fr\/wp-json\/wp\/v2\/pages\/10686","targetHints":{"allow":["GET"]}}],"collection":[{"href":"https:\/\/solidar.ch\/fr\/wp-json\/wp\/v2\/pages"}],"about":[{"href":"https:\/\/solidar.ch\/fr\/wp-json\/wp\/v2\/types\/page"}],"author":[{"embeddable":true,"href":"https:\/\/solidar.ch\/fr\/wp-json\/wp\/v2\/users\/22"}],"replies":[{"embeddable":true,"href":"https:\/\/solidar.ch\/fr\/wp-json\/wp\/v2\/comments?post=10686"}],"version-history":[{"count":0,"href":"https:\/\/solidar.ch\/fr\/wp-json\/wp\/v2\/pages\/10686\/revisions"}],"up":[{"embeddable":true,"href":"https:\/\/solidar.ch\/fr\/wp-json\/wp\/v2\/pages\/10678"}],"wp:attachment":[{"href":"https:\/\/solidar.ch\/fr\/wp-json\/wp\/v2\/media?parent=10686"}],"wp:term":[{"taxonomy":"wf_page_folders","embeddable":true,"href":"https:\/\/solidar.ch\/fr\/wp-json\/wp\/v2\/wf_page_folders?post=10686"}],"curies":[{"name":"wp","href":"https:\/\/api.w.org\/{rel}","templated":true}]}}