{"id":11329,"date":"2021-04-05T20:51:19","date_gmt":"2021-04-05T19:51:19","guid":{"rendered":"https:\/\/solidar.ch\/?page_id=11329"},"modified":"2025-10-08T16:13:29","modified_gmt":"2025-10-08T14:13:29","slug":"medias","status":"publish","type":"page","link":"https:\/\/solidar.ch\/fr\/medias\/","title":{"rendered":"M\u00e9dias"},"content":{"rendered":"","protected":false},"excerpt":{"rendered":"","protected":false},"author":22,"featured_media":0,"parent":0,"menu_order":0,"comment_status":"closed","ping_status":"closed","template":"","meta":{"_acf_changed":false,"_seopress_robots_primary_cat":"","_seopress_titles_title":"Communiqu\u00e9s de presse et m\u00e9dias | Solidar Suisse","_seopress_titles_desc":"D\u00e9couvrez tous les communiqu\u00e9s de presse de Solidar Suisse et la personne de contact pour les demandes des m\u00e9dias.","_seopress_robots_index":"","footnotes":""},"wf_page_folders":[82],"class_list":["post-11329","page","type-page","status-publish","hentry"],"acf":[],"_links":{"self":[{"href":"https:\/\/solidar.ch\/fr\/wp-json\/wp\/v2\/pages\/11329","targetHints":{"allow":["GET"]}}],"collection":[{"href":"https:\/\/solidar.ch\/fr\/wp-json\/wp\/v2\/pages"}],"about":[{"href":"https:\/\/solidar.ch\/fr\/wp-json\/wp\/v2\/types\/page"}],"author":[{"embeddable":true,"href":"https:\/\/solidar.ch\/fr\/wp-json\/wp\/v2\/users\/22"}],"replies":[{"embeddable":true,"href":"https:\/\/solidar.ch\/fr\/wp-json\/wp\/v2\/comments?post=11329"}],"version-history":[{"count":0,"href":"https:\/\/solidar.ch\/fr\/wp-json\/wp\/v2\/pages\/11329\/revisions"}],"wp:attachment":[{"href":"https:\/\/solidar.ch\/fr\/wp-json\/wp\/v2\/media?parent=11329"}],"wp:term":[{"taxonomy":"wf_page_folders","embeddable":true,"href":"https:\/\/solidar.ch\/fr\/wp-json\/wp\/v2\/wf_page_folders?post=11329"}],"curies":[{"name":"wp","href":"https:\/\/api.w.org\/{rel}","templated":true}]}}