{"id":12458,"date":"2021-03-24T09:40:36","date_gmt":"2021-03-24T08:40:36","guid":{"rendered":"https:\/\/solidar.ch\/?page_id=12458"},"modified":"2025-05-26T07:55:16","modified_gmt":"2025-05-26T06:55:16","slug":"salvador-agriculture","status":"publish","type":"page","link":"https:\/\/solidar.ch\/fr\/themes\/justice-climatique\/salvador-agriculture\/","title":{"rendered":"Salvador Agriculture"},"content":{"rendered":"","protected":false},"excerpt":{"rendered":"","protected":false},"author":28,"featured_media":0,"parent":13416,"menu_order":0,"comment_status":"closed","ping_status":"closed","template":"","meta":{"_acf_changed":false,"_seopress_robots_primary_cat":"","_seopress_titles_title":"Salvador : renforcer la r\u00e9silience face au changement climatique \u2013 Solidar Suisse","_seopress_titles_desc":"Au Salvador, Solidar Suisse aide des familles paysannes tr\u00e8s pauvres \u00e0 cultiver suffisamment pour manger \u00e0 leur faim tout en s\u2019adaptant au r\u00e9chauffement climatique.","_seopress_robots_index":"","footnotes":""},"wf_page_folders":[49],"class_list":["post-12458","page","type-page","status-publish","hentry"],"acf":[],"_links":{"self":[{"href":"https:\/\/solidar.ch\/fr\/wp-json\/wp\/v2\/pages\/12458","targetHints":{"allow":["GET"]}}],"collection":[{"href":"https:\/\/solidar.ch\/fr\/wp-json\/wp\/v2\/pages"}],"about":[{"href":"https:\/\/solidar.ch\/fr\/wp-json\/wp\/v2\/types\/page"}],"author":[{"embeddable":true,"href":"https:\/\/solidar.ch\/fr\/wp-json\/wp\/v2\/users\/28"}],"replies":[{"embeddable":true,"href":"https:\/\/solidar.ch\/fr\/wp-json\/wp\/v2\/comments?post=12458"}],"version-history":[{"count":0,"href":"https:\/\/solidar.ch\/fr\/wp-json\/wp\/v2\/pages\/12458\/revisions"}],"up":[{"embeddable":true,"href":"https:\/\/solidar.ch\/fr\/wp-json\/wp\/v2\/pages\/13416"}],"wp:attachment":[{"href":"https:\/\/solidar.ch\/fr\/wp-json\/wp\/v2\/media?parent=12458"}],"wp:term":[{"taxonomy":"wf_page_folders","embeddable":true,"href":"https:\/\/solidar.ch\/fr\/wp-json\/wp\/v2\/wf_page_folders?post=12458"}],"curies":[{"name":"wp","href":"https:\/\/api.w.org\/{rel}","templated":true}]}}