{"id":12558,"date":"2021-03-24T11:08:54","date_gmt":"2021-03-24T10:08:54","guid":{"rendered":"https:\/\/solidar.ch\/?page_id=12558"},"modified":"2023-08-29T05:37:55","modified_gmt":"2023-08-29T04:37:55","slug":"travail-enfants","status":"publish","type":"page","link":"https:\/\/solidar.ch\/fr\/projets\/pakistan\/travail-enfants\/","title":{"rendered":"Pakistan-Travail des enfants"},"content":{"rendered":"","protected":false},"excerpt":{"rendered":"","protected":false},"author":28,"featured_media":0,"parent":9902,"menu_order":0,"comment_status":"closed","ping_status":"closed","template":"","meta":{"_acf_changed":false,"_seopress_robots_primary_cat":"","_seopress_titles_title":"Pakistan: scolariser les enfants des bidonvilles | Solidar Suisse ","_seopress_titles_desc":"De tr\u00e8s nombreux enfants au Pakistan ne sont pas scolaris\u00e9s en raison de la pauvret\u00e9. Solidar Suisse s\u2019engage en faveur des enfants des bidonvilles de la capitale Islamabad.","_seopress_robots_index":"","footnotes":""},"wf_page_folders":[1102],"class_list":["post-12558","page","type-page","status-publish","hentry"],"acf":[],"_links":{"self":[{"href":"https:\/\/solidar.ch\/fr\/wp-json\/wp\/v2\/pages\/12558","targetHints":{"allow":["GET"]}}],"collection":[{"href":"https:\/\/solidar.ch\/fr\/wp-json\/wp\/v2\/pages"}],"about":[{"href":"https:\/\/solidar.ch\/fr\/wp-json\/wp\/v2\/types\/page"}],"author":[{"embeddable":true,"href":"https:\/\/solidar.ch\/fr\/wp-json\/wp\/v2\/users\/28"}],"replies":[{"embeddable":true,"href":"https:\/\/solidar.ch\/fr\/wp-json\/wp\/v2\/comments?post=12558"}],"version-history":[{"count":0,"href":"https:\/\/solidar.ch\/fr\/wp-json\/wp\/v2\/pages\/12558\/revisions"}],"up":[{"embeddable":true,"href":"https:\/\/solidar.ch\/fr\/wp-json\/wp\/v2\/pages\/9902"}],"wp:attachment":[{"href":"https:\/\/solidar.ch\/fr\/wp-json\/wp\/v2\/media?parent=12558"}],"wp:term":[{"taxonomy":"wf_page_folders","embeddable":true,"href":"https:\/\/solidar.ch\/fr\/wp-json\/wp\/v2\/wf_page_folders?post=12558"}],"curies":[{"name":"wp","href":"https:\/\/api.w.org\/{rel}","templated":true}]}}