{"id":12807,"date":"2021-03-15T13:07:14","date_gmt":"2021-03-15T12:07:14","guid":{"rendered":"https:\/\/solidar.ch\/themes\/nachhaltige-wirtschaft\/"},"modified":"2025-09-25T14:16:50","modified_gmt":"2025-09-25T12:16:50","slug":"economie-durable","status":"publish","type":"page","link":"https:\/\/solidar.ch\/fr\/themes\/economie-durable\/","title":{"rendered":"\u00c9conomie durable"},"content":{"rendered":"","protected":false},"excerpt":{"rendered":"","protected":false},"author":22,"featured_media":0,"parent":10269,"menu_order":0,"comment_status":"closed","ping_status":"closed","template":"","meta":{"_acf_changed":false,"_seopress_robots_primary_cat":"","_seopress_titles_title":"Economie durable et travail d\u00e9cent | Solidar Suisse","_seopress_titles_desc":"Solidar Suisse lutte dans le monde entier contre l'exploitation et les in\u00e9galit\u00e9s et s'engage pour une transition juste vers une \u00e9conomie durable.","_seopress_robots_index":"","footnotes":""},"wf_page_folders":[49],"class_list":["post-12807","page","type-page","status-publish","hentry"],"acf":[],"_links":{"self":[{"href":"https:\/\/solidar.ch\/fr\/wp-json\/wp\/v2\/pages\/12807","targetHints":{"allow":["GET"]}}],"collection":[{"href":"https:\/\/solidar.ch\/fr\/wp-json\/wp\/v2\/pages"}],"about":[{"href":"https:\/\/solidar.ch\/fr\/wp-json\/wp\/v2\/types\/page"}],"author":[{"embeddable":true,"href":"https:\/\/solidar.ch\/fr\/wp-json\/wp\/v2\/users\/22"}],"replies":[{"embeddable":true,"href":"https:\/\/solidar.ch\/fr\/wp-json\/wp\/v2\/comments?post=12807"}],"version-history":[{"count":0,"href":"https:\/\/solidar.ch\/fr\/wp-json\/wp\/v2\/pages\/12807\/revisions"}],"up":[{"embeddable":true,"href":"https:\/\/solidar.ch\/fr\/wp-json\/wp\/v2\/pages\/10269"}],"wp:attachment":[{"href":"https:\/\/solidar.ch\/fr\/wp-json\/wp\/v2\/media?parent=12807"}],"wp:term":[{"taxonomy":"wf_page_folders","embeddable":true,"href":"https:\/\/solidar.ch\/fr\/wp-json\/wp\/v2\/wf_page_folders?post=12807"}],"curies":[{"name":"wp","href":"https:\/\/api.w.org\/{rel}","templated":true}]}}