{"id":12950,"date":"2021-03-05T11:42:34","date_gmt":"2021-03-05T10:42:34","guid":{"rendered":"https:\/\/solidar.ch\/gemeindeentwicklung\/"},"modified":"2021-04-23T12:05:30","modified_gmt":"2021-04-23T11:05:30","slug":"mozambique","status":"publish","type":"page","link":"https:\/\/solidar.ch\/fr\/themes\/democratie\/mozambique\/","title":{"rendered":"Mozambique-Demokratie"},"content":{"rendered":"","protected":false},"excerpt":{"rendered":"","protected":false},"author":22,"featured_media":0,"parent":12957,"menu_order":0,"comment_status":"closed","ping_status":"closed","template":"","meta":{"_acf_changed":false,"_seopress_robots_primary_cat":"","_seopress_titles_title":"Mozambique: d\u00e9mocratie et service public - Solidar Suisse ","_seopress_titles_desc":"Plus de la moiti\u00e9 de la population du Mozambique vit dans l&#039;extr\u00eame pauvret\u00e9. Solidar Suisse s\u2019engage afin qu\u2019elle b\u00e9n\u00e9ficie de services publics de meilleure qualit\u00e9.","_seopress_robots_index":"","footnotes":""},"wf_page_folders":[49],"class_list":["post-12950","page","type-page","status-publish","hentry"],"acf":[],"_links":{"self":[{"href":"https:\/\/solidar.ch\/fr\/wp-json\/wp\/v2\/pages\/12950","targetHints":{"allow":["GET"]}}],"collection":[{"href":"https:\/\/solidar.ch\/fr\/wp-json\/wp\/v2\/pages"}],"about":[{"href":"https:\/\/solidar.ch\/fr\/wp-json\/wp\/v2\/types\/page"}],"author":[{"embeddable":true,"href":"https:\/\/solidar.ch\/fr\/wp-json\/wp\/v2\/users\/22"}],"replies":[{"embeddable":true,"href":"https:\/\/solidar.ch\/fr\/wp-json\/wp\/v2\/comments?post=12950"}],"version-history":[{"count":0,"href":"https:\/\/solidar.ch\/fr\/wp-json\/wp\/v2\/pages\/12950\/revisions"}],"up":[{"embeddable":true,"href":"https:\/\/solidar.ch\/fr\/wp-json\/wp\/v2\/pages\/12957"}],"wp:attachment":[{"href":"https:\/\/solidar.ch\/fr\/wp-json\/wp\/v2\/media?parent=12950"}],"wp:term":[{"taxonomy":"wf_page_folders","embeddable":true,"href":"https:\/\/solidar.ch\/fr\/wp-json\/wp\/v2\/wf_page_folders?post=12950"}],"curies":[{"name":"wp","href":"https:\/\/api.w.org\/{rel}","templated":true}]}}