{"id":12957,"date":"2021-03-11T14:34:45","date_gmt":"2021-03-11T13:34:45","guid":{"rendered":"https:\/\/solidar.ch\/themes\/demokratie-2\/"},"modified":"2021-04-23T11:44:55","modified_gmt":"2021-04-23T10:44:55","slug":"democratie","status":"publish","type":"page","link":"https:\/\/solidar.ch\/fr\/themes\/democratie\/","title":{"rendered":"D\u00e9mocratie"},"content":{"rendered":"","protected":false},"excerpt":{"rendered":"","protected":false},"author":22,"featured_media":0,"parent":10269,"menu_order":0,"comment_status":"closed","ping_status":"closed","template":"","meta":{"_acf_changed":false,"_seopress_robots_primary_cat":"","_seopress_titles_title":"De la d\u00e9mocratie \u00e0 la justice sociale - Solidar Suisse","_seopress_titles_desc":"La d\u00e9mocratie renforce la justice sociale. Solidar Suisse lutte pour que les personnes d\u00e9favoris\u00e9es connaissent leurs droits et puissent les faire respecter.","_seopress_robots_index":"","footnotes":""},"wf_page_folders":[49],"class_list":["post-12957","page","type-page","status-publish","hentry"],"acf":[],"_links":{"self":[{"href":"https:\/\/solidar.ch\/fr\/wp-json\/wp\/v2\/pages\/12957","targetHints":{"allow":["GET"]}}],"collection":[{"href":"https:\/\/solidar.ch\/fr\/wp-json\/wp\/v2\/pages"}],"about":[{"href":"https:\/\/solidar.ch\/fr\/wp-json\/wp\/v2\/types\/page"}],"author":[{"embeddable":true,"href":"https:\/\/solidar.ch\/fr\/wp-json\/wp\/v2\/users\/22"}],"replies":[{"embeddable":true,"href":"https:\/\/solidar.ch\/fr\/wp-json\/wp\/v2\/comments?post=12957"}],"version-history":[{"count":0,"href":"https:\/\/solidar.ch\/fr\/wp-json\/wp\/v2\/pages\/12957\/revisions"}],"up":[{"embeddable":true,"href":"https:\/\/solidar.ch\/fr\/wp-json\/wp\/v2\/pages\/10269"}],"wp:attachment":[{"href":"https:\/\/solidar.ch\/fr\/wp-json\/wp\/v2\/media?parent=12957"}],"wp:term":[{"taxonomy":"wf_page_folders","embeddable":true,"href":"https:\/\/solidar.ch\/fr\/wp-json\/wp\/v2\/wf_page_folders?post=12957"}],"curies":[{"name":"wp","href":"https:\/\/api.w.org\/{rel}","templated":true}]}}