{"id":12967,"date":"2021-03-15T08:37:57","date_gmt":"2021-03-15T07:37:57","guid":{"rendered":"https:\/\/solidar.ch\/bolivien\/"},"modified":"2021-04-23T11:55:56","modified_gmt":"2021-04-23T10:55:56","slug":"bolivie","status":"publish","type":"page","link":"https:\/\/solidar.ch\/fr\/themes\/democratie\/bolivie\/","title":{"rendered":"D\u00e9mocratie-bolivie"},"content":{"rendered":"","protected":false},"excerpt":{"rendered":"","protected":false},"author":22,"featured_media":0,"parent":12957,"menu_order":0,"comment_status":"closed","ping_status":"closed","template":"","meta":{"_acf_changed":false,"_seopress_robots_primary_cat":"","_seopress_titles_title":"Plus de pouvoir pour les femmes et les jeunes en Bolivie \u2013 Solidar Suisse\u202f ","_seopress_titles_desc":"Solidar Suisse soutient la participation politique des femmes et des jeunes. Ces personnes ont un meilleur acc\u00e8s \u00e0 l\u2019\u00e9ducation et \u00e0 la sant\u00e9.","_seopress_robots_index":"","footnotes":""},"wf_page_folders":[49],"class_list":["post-12967","page","type-page","status-publish","hentry"],"acf":[],"_links":{"self":[{"href":"https:\/\/solidar.ch\/fr\/wp-json\/wp\/v2\/pages\/12967","targetHints":{"allow":["GET"]}}],"collection":[{"href":"https:\/\/solidar.ch\/fr\/wp-json\/wp\/v2\/pages"}],"about":[{"href":"https:\/\/solidar.ch\/fr\/wp-json\/wp\/v2\/types\/page"}],"author":[{"embeddable":true,"href":"https:\/\/solidar.ch\/fr\/wp-json\/wp\/v2\/users\/22"}],"replies":[{"embeddable":true,"href":"https:\/\/solidar.ch\/fr\/wp-json\/wp\/v2\/comments?post=12967"}],"version-history":[{"count":0,"href":"https:\/\/solidar.ch\/fr\/wp-json\/wp\/v2\/pages\/12967\/revisions"}],"up":[{"embeddable":true,"href":"https:\/\/solidar.ch\/fr\/wp-json\/wp\/v2\/pages\/12957"}],"wp:attachment":[{"href":"https:\/\/solidar.ch\/fr\/wp-json\/wp\/v2\/media?parent=12967"}],"wp:term":[{"taxonomy":"wf_page_folders","embeddable":true,"href":"https:\/\/solidar.ch\/fr\/wp-json\/wp\/v2\/wf_page_folders?post=12967"}],"curies":[{"name":"wp","href":"https:\/\/api.w.org\/{rel}","templated":true}]}}