{"id":13006,"date":"2021-03-16T11:01:32","date_gmt":"2021-03-16T10:01:32","guid":{"rendered":"https:\/\/solidar.ch\/ernaehrungssicherheit-burkina-faso\/"},"modified":"2021-06-07T13:22:04","modified_gmt":"2021-06-07T12:22:04","slug":"securite-alimentaire","status":"publish","type":"page","link":"https:\/\/solidar.ch\/fr\/themes\/justice-climatique\/securite-alimentaire\/","title":{"rendered":"S\u00e9curit\u00e9 alimentaire Burkina Faso"},"content":{"rendered":"","protected":false},"excerpt":{"rendered":"","protected":false},"author":22,"featured_media":0,"parent":13416,"menu_order":0,"comment_status":"closed","ping_status":"closed","template":"","meta":{"_acf_changed":false,"_seopress_robots_primary_cat":"","_seopress_titles_title":"S\u00e9curit\u00e9 alimentaire au Burkina Faso \u2013 Solidar Suisse ","_seopress_titles_desc":"Gr\u00e2ce \u00e0 de nouvelles m\u00e9thodes agricoles, Solidar Suisse am\u00e9liore la s\u00e9curit\u00e9 alimentaire au Burkina Faso. ","_seopress_robots_index":"","footnotes":""},"wf_page_folders":[49],"class_list":["post-13006","page","type-page","status-publish","hentry"],"acf":[],"_links":{"self":[{"href":"https:\/\/solidar.ch\/fr\/wp-json\/wp\/v2\/pages\/13006","targetHints":{"allow":["GET"]}}],"collection":[{"href":"https:\/\/solidar.ch\/fr\/wp-json\/wp\/v2\/pages"}],"about":[{"href":"https:\/\/solidar.ch\/fr\/wp-json\/wp\/v2\/types\/page"}],"author":[{"embeddable":true,"href":"https:\/\/solidar.ch\/fr\/wp-json\/wp\/v2\/users\/22"}],"replies":[{"embeddable":true,"href":"https:\/\/solidar.ch\/fr\/wp-json\/wp\/v2\/comments?post=13006"}],"version-history":[{"count":0,"href":"https:\/\/solidar.ch\/fr\/wp-json\/wp\/v2\/pages\/13006\/revisions"}],"up":[{"embeddable":true,"href":"https:\/\/solidar.ch\/fr\/wp-json\/wp\/v2\/pages\/13416"}],"wp:attachment":[{"href":"https:\/\/solidar.ch\/fr\/wp-json\/wp\/v2\/media?parent=13006"}],"wp:term":[{"taxonomy":"wf_page_folders","embeddable":true,"href":"https:\/\/solidar.ch\/fr\/wp-json\/wp\/v2\/wf_page_folders?post=13006"}],"curies":[{"name":"wp","href":"https:\/\/api.w.org\/{rel}","templated":true}]}}