{"id":13028,"date":"2021-03-23T14:14:03","date_gmt":"2021-03-23T13:14:03","guid":{"rendered":"https:\/\/solidar.ch\/mithelfen\/"},"modified":"2024-10-10T13:07:54","modified_gmt":"2024-10-10T12:07:54","slug":"agir","status":"publish","type":"page","link":"https:\/\/solidar.ch\/fr\/agir\/","title":{"rendered":"Agir"},"content":{"rendered":"","protected":false},"excerpt":{"rendered":"","protected":false},"author":12,"featured_media":0,"parent":0,"menu_order":0,"comment_status":"closed","ping_status":"closed","template":"","meta":{"_acf_changed":false,"_seopress_robots_primary_cat":"","_seopress_titles_title":"Agir | Solidar Suisse","_seopress_titles_desc":"Les in\u00e9galit\u00e9s sociales extr\u00eames constituent une menace pour notre monde et ont de graves cons\u00e9quences. Avec votre don, vous permettez d'agir pour un monde plus \u00e9quitable.","_seopress_robots_index":"","footnotes":""},"wf_page_folders":[],"class_list":["post-13028","page","type-page","status-publish","hentry"],"acf":[],"_links":{"self":[{"href":"https:\/\/solidar.ch\/fr\/wp-json\/wp\/v2\/pages\/13028","targetHints":{"allow":["GET"]}}],"collection":[{"href":"https:\/\/solidar.ch\/fr\/wp-json\/wp\/v2\/pages"}],"about":[{"href":"https:\/\/solidar.ch\/fr\/wp-json\/wp\/v2\/types\/page"}],"author":[{"embeddable":true,"href":"https:\/\/solidar.ch\/fr\/wp-json\/wp\/v2\/users\/12"}],"replies":[{"embeddable":true,"href":"https:\/\/solidar.ch\/fr\/wp-json\/wp\/v2\/comments?post=13028"}],"version-history":[{"count":0,"href":"https:\/\/solidar.ch\/fr\/wp-json\/wp\/v2\/pages\/13028\/revisions"}],"wp:attachment":[{"href":"https:\/\/solidar.ch\/fr\/wp-json\/wp\/v2\/media?parent=13028"}],"wp:term":[{"taxonomy":"wf_page_folders","embeddable":true,"href":"https:\/\/solidar.ch\/fr\/wp-json\/wp\/v2\/wf_page_folders?post=13028"}],"curies":[{"name":"wp","href":"https:\/\/api.w.org\/{rel}","templated":true}]}}