{"id":13045,"date":"2021-03-18T10:43:36","date_gmt":"2021-03-18T09:43:36","guid":{"rendered":"https:\/\/solidar.ch\/projets\/mekong\/hilfe-fuer-migrantinnen\/"},"modified":"2025-07-21T14:49:07","modified_gmt":"2025-07-21T12:49:07","slug":"aide-pour-les-migrant%c2%b7e%c2%b7s","status":"publish","type":"page","link":"https:\/\/solidar.ch\/fr\/projets\/mekong\/aide-pour-les-migrant%c2%b7e%c2%b7s\/","title":{"rendered":"M\u00e9kong: stop \u00e0 l&rsquo;exploitation"},"content":{"rendered":"","protected":false},"excerpt":{"rendered":"","protected":false},"author":22,"featured_media":0,"parent":13019,"menu_order":0,"comment_status":"closed","ping_status":"closed","template":"","meta":{"_acf_changed":false,"_seopress_robots_primary_cat":"","_seopress_titles_title":"Mekong : stop \u00e0 l'exploitation | Solidar Suisse","_seopress_titles_desc":"Dans la r\u00e9gion du M\u00e9long, Solidar soutient les travailleur\u00b7euse\u00b7s migrant\u00b7e\u00b7s \u00e0 travers des conseils juridiques, des informations et des activit\u00e9s de plaidoyer.","_seopress_robots_index":"","footnotes":""},"wf_page_folders":[1102],"class_list":["post-13045","page","type-page","status-publish","hentry"],"acf":[],"_links":{"self":[{"href":"https:\/\/solidar.ch\/fr\/wp-json\/wp\/v2\/pages\/13045","targetHints":{"allow":["GET"]}}],"collection":[{"href":"https:\/\/solidar.ch\/fr\/wp-json\/wp\/v2\/pages"}],"about":[{"href":"https:\/\/solidar.ch\/fr\/wp-json\/wp\/v2\/types\/page"}],"author":[{"embeddable":true,"href":"https:\/\/solidar.ch\/fr\/wp-json\/wp\/v2\/users\/22"}],"replies":[{"embeddable":true,"href":"https:\/\/solidar.ch\/fr\/wp-json\/wp\/v2\/comments?post=13045"}],"version-history":[{"count":0,"href":"https:\/\/solidar.ch\/fr\/wp-json\/wp\/v2\/pages\/13045\/revisions"}],"up":[{"embeddable":true,"href":"https:\/\/solidar.ch\/fr\/wp-json\/wp\/v2\/pages\/13019"}],"wp:attachment":[{"href":"https:\/\/solidar.ch\/fr\/wp-json\/wp\/v2\/media?parent=13045"}],"wp:term":[{"taxonomy":"wf_page_folders","embeddable":true,"href":"https:\/\/solidar.ch\/fr\/wp-json\/wp\/v2\/wf_page_folders?post=13045"}],"curies":[{"name":"wp","href":"https:\/\/api.w.org\/{rel}","templated":true}]}}