{"id":13068,"date":"2021-03-17T12:09:27","date_gmt":"2021-03-17T11:09:27","guid":{"rendered":"https:\/\/solidar.ch\/mithelfen\/corona\/"},"modified":"2022-10-10T14:55:23","modified_gmt":"2022-10-10T13:55:23","slug":"corona","status":"publish","type":"page","link":"https:\/\/solidar.ch\/fr\/agir\/corona\/","title":{"rendered":"coronanavirus"},"content":{"rendered":"","protected":false},"excerpt":{"rendered":"","protected":false},"author":12,"featured_media":0,"parent":13028,"menu_order":0,"comment_status":"closed","ping_status":"closed","template":"","meta":{"_acf_changed":false,"_seopress_robots_primary_cat":"","_seopress_titles_title":"Corona | Solidar Suisse","_seopress_titles_desc":"La crise du coronavirus a de graves cons\u00e9quences dans de nombreux pays du Sud. Solidar Suisse fait tout ce qui est en son pouvoir pour prot\u00e9ger les plus pauvres contre les cons\u00e9quences sanitaires, \u00e9conomiques et sociales de la pand\u00e9mie. Voici quelques exemples de nos activit\u00e9s sur le terrain.","_seopress_robots_index":"","footnotes":""},"wf_page_folders":[],"class_list":["post-13068","page","type-page","status-publish","hentry"],"acf":[],"_links":{"self":[{"href":"https:\/\/solidar.ch\/fr\/wp-json\/wp\/v2\/pages\/13068","targetHints":{"allow":["GET"]}}],"collection":[{"href":"https:\/\/solidar.ch\/fr\/wp-json\/wp\/v2\/pages"}],"about":[{"href":"https:\/\/solidar.ch\/fr\/wp-json\/wp\/v2\/types\/page"}],"author":[{"embeddable":true,"href":"https:\/\/solidar.ch\/fr\/wp-json\/wp\/v2\/users\/12"}],"replies":[{"embeddable":true,"href":"https:\/\/solidar.ch\/fr\/wp-json\/wp\/v2\/comments?post=13068"}],"version-history":[{"count":0,"href":"https:\/\/solidar.ch\/fr\/wp-json\/wp\/v2\/pages\/13068\/revisions"}],"up":[{"embeddable":true,"href":"https:\/\/solidar.ch\/fr\/wp-json\/wp\/v2\/pages\/13028"}],"wp:attachment":[{"href":"https:\/\/solidar.ch\/fr\/wp-json\/wp\/v2\/media?parent=13068"}],"wp:term":[{"taxonomy":"wf_page_folders","embeddable":true,"href":"https:\/\/solidar.ch\/fr\/wp-json\/wp\/v2\/wf_page_folders?post=13068"}],"curies":[{"name":"wp","href":"https:\/\/api.w.org\/{rel}","templated":true}]}}