{"id":13074,"date":"2021-03-11T14:26:19","date_gmt":"2021-03-11T13:26:19","guid":{"rendered":"https:\/\/solidar.ch\/?page_id=13074"},"modified":"2024-09-05T07:05:47","modified_gmt":"2024-09-05T06:05:47","slug":"don-de-cadeaux-et-de-fetes","status":"publish","type":"page","link":"https:\/\/solidar.ch\/fr\/agir\/don-de-cadeaux-et-de-fetes\/","title":{"rendered":"Don de cadeaux et de f\u00eates"},"content":{"rendered":"","protected":false},"excerpt":{"rendered":"","protected":false},"author":12,"featured_media":0,"parent":13028,"menu_order":0,"comment_status":"closed","ping_status":"closed","template":"","meta":{"_acf_changed":false,"_seopress_robots_primary_cat":"","_seopress_titles_title":"Don de c\u00e9l\u00e9bration | Solidar Suisse","_seopress_titles_desc":"Vous c\u00e9l\u00e9brez une journ\u00e9e ou une occasion particuli\u00e8re ?  Nous avons une proposition int\u00e9ressante.","_seopress_robots_index":"","footnotes":""},"wf_page_folders":[],"class_list":["post-13074","page","type-page","status-publish","hentry"],"acf":[],"_links":{"self":[{"href":"https:\/\/solidar.ch\/fr\/wp-json\/wp\/v2\/pages\/13074","targetHints":{"allow":["GET"]}}],"collection":[{"href":"https:\/\/solidar.ch\/fr\/wp-json\/wp\/v2\/pages"}],"about":[{"href":"https:\/\/solidar.ch\/fr\/wp-json\/wp\/v2\/types\/page"}],"author":[{"embeddable":true,"href":"https:\/\/solidar.ch\/fr\/wp-json\/wp\/v2\/users\/12"}],"replies":[{"embeddable":true,"href":"https:\/\/solidar.ch\/fr\/wp-json\/wp\/v2\/comments?post=13074"}],"version-history":[{"count":0,"href":"https:\/\/solidar.ch\/fr\/wp-json\/wp\/v2\/pages\/13074\/revisions"}],"up":[{"embeddable":true,"href":"https:\/\/solidar.ch\/fr\/wp-json\/wp\/v2\/pages\/13028"}],"wp:attachment":[{"href":"https:\/\/solidar.ch\/fr\/wp-json\/wp\/v2\/media?parent=13074"}],"wp:term":[{"taxonomy":"wf_page_folders","embeddable":true,"href":"https:\/\/solidar.ch\/fr\/wp-json\/wp\/v2\/wf_page_folders?post=13074"}],"curies":[{"name":"wp","href":"https:\/\/api.w.org\/{rel}","templated":true}]}}