{"id":13123,"date":"2021-03-30T14:07:10","date_gmt":"2021-03-30T13:07:10","guid":{"rendered":"https:\/\/solidar.ch\/?page_id=13123"},"modified":"2024-09-03T06:36:26","modified_gmt":"2024-09-03T05:36:26","slug":"aide-humanitaire","status":"publish","type":"page","link":"https:\/\/solidar.ch\/fr\/themes\/aide-humanitaire\/","title":{"rendered":"Action humanitaire"},"content":{"rendered":"","protected":false},"excerpt":{"rendered":"","protected":false},"author":28,"featured_media":0,"parent":10269,"menu_order":0,"comment_status":"closed","ping_status":"closed","template":"","meta":{"_acf_changed":false,"_seopress_robots_primary_cat":"","_seopress_titles_title":"Aide humanitaire : sauver des vies \u2013 Solidar Suisse","_seopress_titles_desc":"Solidar Suisse sauve des vies apr\u00e8s une catastrophe de grande ampleur, telle une guerre ou un d\u00e9sastre naturel. Nos op\u00e9rations couvrent plusieurs domaines de l'aide humanitaire en fonction de besoins sur le terrain.","_seopress_robots_index":"","footnotes":""},"wf_page_folders":[49],"class_list":["post-13123","page","type-page","status-publish","hentry"],"acf":[],"_links":{"self":[{"href":"https:\/\/solidar.ch\/fr\/wp-json\/wp\/v2\/pages\/13123","targetHints":{"allow":["GET"]}}],"collection":[{"href":"https:\/\/solidar.ch\/fr\/wp-json\/wp\/v2\/pages"}],"about":[{"href":"https:\/\/solidar.ch\/fr\/wp-json\/wp\/v2\/types\/page"}],"author":[{"embeddable":true,"href":"https:\/\/solidar.ch\/fr\/wp-json\/wp\/v2\/users\/28"}],"replies":[{"embeddable":true,"href":"https:\/\/solidar.ch\/fr\/wp-json\/wp\/v2\/comments?post=13123"}],"version-history":[{"count":0,"href":"https:\/\/solidar.ch\/fr\/wp-json\/wp\/v2\/pages\/13123\/revisions"}],"up":[{"embeddable":true,"href":"https:\/\/solidar.ch\/fr\/wp-json\/wp\/v2\/pages\/10269"}],"wp:attachment":[{"href":"https:\/\/solidar.ch\/fr\/wp-json\/wp\/v2\/media?parent=13123"}],"wp:term":[{"taxonomy":"wf_page_folders","embeddable":true,"href":"https:\/\/solidar.ch\/fr\/wp-json\/wp\/v2\/wf_page_folders?post=13123"}],"curies":[{"name":"wp","href":"https:\/\/api.w.org\/{rel}","templated":true}]}}