{"id":13240,"date":"2021-03-11T22:49:49","date_gmt":"2021-03-11T21:49:49","guid":{"rendered":"https:\/\/solidar.ch\/themes\/berufsbildung\/"},"modified":"2025-05-26T07:59:47","modified_gmt":"2025-05-26T06:59:47","slug":"formation-professionnelle","status":"publish","type":"page","link":"https:\/\/solidar.ch\/fr\/themes\/formation-professionnelle\/","title":{"rendered":"Formation professionnelle"},"content":{"rendered":"","protected":false},"excerpt":{"rendered":"","protected":false},"author":22,"featured_media":0,"parent":10269,"menu_order":0,"comment_status":"closed","ping_status":"closed","template":"","meta":{"_acf_changed":false,"_seopress_robots_primary_cat":"","_seopress_titles_title":"Des perspectives d\u2019emploi pour les jeunes \u2013 Solidar Suisse","_seopress_titles_desc":"Gr\u00e2ce \u00e0 des formations professionnelles, Solidar Suisse offre aux jeunes de r\u00e9elles chances pour leur avenir.","_seopress_robots_index":"","footnotes":""},"wf_page_folders":[49],"class_list":["post-13240","page","type-page","status-publish","hentry"],"acf":[],"_links":{"self":[{"href":"https:\/\/solidar.ch\/fr\/wp-json\/wp\/v2\/pages\/13240","targetHints":{"allow":["GET"]}}],"collection":[{"href":"https:\/\/solidar.ch\/fr\/wp-json\/wp\/v2\/pages"}],"about":[{"href":"https:\/\/solidar.ch\/fr\/wp-json\/wp\/v2\/types\/page"}],"author":[{"embeddable":true,"href":"https:\/\/solidar.ch\/fr\/wp-json\/wp\/v2\/users\/22"}],"replies":[{"embeddable":true,"href":"https:\/\/solidar.ch\/fr\/wp-json\/wp\/v2\/comments?post=13240"}],"version-history":[{"count":0,"href":"https:\/\/solidar.ch\/fr\/wp-json\/wp\/v2\/pages\/13240\/revisions"}],"up":[{"embeddable":true,"href":"https:\/\/solidar.ch\/fr\/wp-json\/wp\/v2\/pages\/10269"}],"wp:attachment":[{"href":"https:\/\/solidar.ch\/fr\/wp-json\/wp\/v2\/media?parent=13240"}],"wp:term":[{"taxonomy":"wf_page_folders","embeddable":true,"href":"https:\/\/solidar.ch\/fr\/wp-json\/wp\/v2\/wf_page_folders?post=13240"}],"curies":[{"name":"wp","href":"https:\/\/api.w.org\/{rel}","templated":true}]}}