{"id":13247,"date":"2021-03-31T08:57:50","date_gmt":"2021-03-31T07:57:50","guid":{"rendered":"https:\/\/solidar.ch\/?page_id=13247"},"modified":"2024-10-03T08:48:00","modified_gmt":"2024-10-03T07:48:00","slug":"jobs","status":"publish","type":"page","link":"https:\/\/solidar.ch\/fr\/a-propos\/jobs\/","title":{"rendered":"Emploi"},"content":{"rendered":"","protected":false},"excerpt":{"rendered":"","protected":false},"author":22,"featured_media":0,"parent":13024,"menu_order":0,"comment_status":"closed","ping_status":"closed","template":"","meta":{"_acf_changed":false,"_seopress_robots_primary_cat":"","_seopress_titles_title":"Emplois | Solidar Suisse","_seopress_titles_desc":"Vous trouverez ici des offres d'emploi r\u00e9guli\u00e8res pour des postes \u00e0 notre si\u00e8ge de Zurich, \u00e0 notre bureau de Lausanne et pour des missions dans les pays o\u00f9 nous menons des projets.","_seopress_robots_index":"","footnotes":""},"wf_page_folders":[],"class_list":["post-13247","page","type-page","status-publish","hentry"],"acf":[],"_links":{"self":[{"href":"https:\/\/solidar.ch\/fr\/wp-json\/wp\/v2\/pages\/13247","targetHints":{"allow":["GET"]}}],"collection":[{"href":"https:\/\/solidar.ch\/fr\/wp-json\/wp\/v2\/pages"}],"about":[{"href":"https:\/\/solidar.ch\/fr\/wp-json\/wp\/v2\/types\/page"}],"author":[{"embeddable":true,"href":"https:\/\/solidar.ch\/fr\/wp-json\/wp\/v2\/users\/22"}],"replies":[{"embeddable":true,"href":"https:\/\/solidar.ch\/fr\/wp-json\/wp\/v2\/comments?post=13247"}],"version-history":[{"count":0,"href":"https:\/\/solidar.ch\/fr\/wp-json\/wp\/v2\/pages\/13247\/revisions"}],"up":[{"embeddable":true,"href":"https:\/\/solidar.ch\/fr\/wp-json\/wp\/v2\/pages\/13024"}],"wp:attachment":[{"href":"https:\/\/solidar.ch\/fr\/wp-json\/wp\/v2\/media?parent=13247"}],"wp:term":[{"taxonomy":"wf_page_folders","embeddable":true,"href":"https:\/\/solidar.ch\/fr\/wp-json\/wp\/v2\/wf_page_folders?post=13247"}],"curies":[{"name":"wp","href":"https:\/\/api.w.org\/{rel}","templated":true}]}}