{"id":13255,"date":"2021-03-08T22:46:55","date_gmt":"2021-03-08T21:46:55","guid":{"rendered":"https:\/\/solidar.ch\/projets\/sulawesi\/"},"modified":"2024-09-06T08:23:50","modified_gmt":"2024-09-06T07:23:50","slug":"celebes","status":"publish","type":"page","link":"https:\/\/solidar.ch\/fr\/projets\/celebes\/","title":{"rendered":"Indon\u00e9sie C\u00e9l\u00e8bes"},"content":{"rendered":"","protected":false},"excerpt":{"rendered":"","protected":false},"author":22,"featured_media":0,"parent":10265,"menu_order":0,"comment_status":"closed","ping_status":"closed","template":"","meta":{"_acf_changed":false,"_seopress_robots_primary_cat":"","_seopress_titles_title":"Reconstruction sur l'\u00eele de C\u00e9l\u00e8bes | Solidar Suisse","_seopress_titles_desc":"Solidar Suisse a assur\u00e9 une aide d\u2019urgence sur l'\u00eele de C\u00e9l\u00e8bes, en Indon\u00e9sie, et a fournit des pr\u00eats et des formations aux responsables de petites entreprises.","_seopress_robots_index":"","footnotes":""},"wf_page_folders":[1102],"class_list":["post-13255","page","type-page","status-publish","hentry"],"acf":[],"_links":{"self":[{"href":"https:\/\/solidar.ch\/fr\/wp-json\/wp\/v2\/pages\/13255","targetHints":{"allow":["GET"]}}],"collection":[{"href":"https:\/\/solidar.ch\/fr\/wp-json\/wp\/v2\/pages"}],"about":[{"href":"https:\/\/solidar.ch\/fr\/wp-json\/wp\/v2\/types\/page"}],"author":[{"embeddable":true,"href":"https:\/\/solidar.ch\/fr\/wp-json\/wp\/v2\/users\/22"}],"replies":[{"embeddable":true,"href":"https:\/\/solidar.ch\/fr\/wp-json\/wp\/v2\/comments?post=13255"}],"version-history":[{"count":0,"href":"https:\/\/solidar.ch\/fr\/wp-json\/wp\/v2\/pages\/13255\/revisions"}],"up":[{"embeddable":true,"href":"https:\/\/solidar.ch\/fr\/wp-json\/wp\/v2\/pages\/10265"}],"wp:attachment":[{"href":"https:\/\/solidar.ch\/fr\/wp-json\/wp\/v2\/media?parent=13255"}],"wp:term":[{"taxonomy":"wf_page_folders","embeddable":true,"href":"https:\/\/solidar.ch\/fr\/wp-json\/wp\/v2\/wf_page_folders?post=13255"}],"curies":[{"name":"wp","href":"https:\/\/api.w.org\/{rel}","templated":true}]}}