{"id":13260,"date":"2021-03-05T18:28:21","date_gmt":"2021-03-05T17:28:21","guid":{"rendered":"https:\/\/solidar.ch\/projets\/zentralamerika\/"},"modified":"2026-01-12T12:27:25","modified_gmt":"2026-01-12T11:27:25","slug":"amerique-centrale","status":"publish","type":"page","link":"https:\/\/solidar.ch\/fr\/projets\/amerique-centrale\/","title":{"rendered":"Am\u00e9rique centrale"},"content":{"rendered":"","protected":false},"excerpt":{"rendered":"","protected":false},"author":22,"featured_media":0,"parent":10265,"menu_order":0,"comment_status":"closed","ping_status":"closed","template":"","meta":{"_acf_changed":false,"_seopress_robots_primary_cat":"","_seopress_titles_title":"Am\u00e9rique centrale: contre la violence, la pauvret\u00e9 et la crise climatique | Solidar Suisse","_seopress_titles_desc":"Solidar s\u2019engage contre la violence, la discrimination et le d\u00e9r\u00e8glement climatique en Am\u00e9rique centrale. Nous aidons des femmes et des jeunes \u00e0 vivre dignement","_seopress_robots_index":"","footnotes":""},"wf_page_folders":[],"class_list":["post-13260","page","type-page","status-publish","hentry"],"acf":[],"_links":{"self":[{"href":"https:\/\/solidar.ch\/fr\/wp-json\/wp\/v2\/pages\/13260","targetHints":{"allow":["GET"]}}],"collection":[{"href":"https:\/\/solidar.ch\/fr\/wp-json\/wp\/v2\/pages"}],"about":[{"href":"https:\/\/solidar.ch\/fr\/wp-json\/wp\/v2\/types\/page"}],"author":[{"embeddable":true,"href":"https:\/\/solidar.ch\/fr\/wp-json\/wp\/v2\/users\/22"}],"replies":[{"embeddable":true,"href":"https:\/\/solidar.ch\/fr\/wp-json\/wp\/v2\/comments?post=13260"}],"version-history":[{"count":0,"href":"https:\/\/solidar.ch\/fr\/wp-json\/wp\/v2\/pages\/13260\/revisions"}],"up":[{"embeddable":true,"href":"https:\/\/solidar.ch\/fr\/wp-json\/wp\/v2\/pages\/10265"}],"wp:attachment":[{"href":"https:\/\/solidar.ch\/fr\/wp-json\/wp\/v2\/media?parent=13260"}],"wp:term":[{"taxonomy":"wf_page_folders","embeddable":true,"href":"https:\/\/solidar.ch\/fr\/wp-json\/wp\/v2\/wf_page_folders?post=13260"}],"curies":[{"name":"wp","href":"https:\/\/api.w.org\/{rel}","templated":true}]}}